{"id":2145,"date":"2021-07-05T21:21:05","date_gmt":"2021-07-05T21:21:05","guid":{"rendered":"https:\/\/kontofortnite.pl\/?page_id=2145"},"modified":"2021-07-22T14:41:22","modified_gmt":"2021-07-22T14:41:22","slug":"polityka-prywatnosci","status":"publish","type":"page","link":"https:\/\/kontofortnite.pl\/en\/polityka-prywatnosci\/","title":{"rendered":"Privacy Policy"},"content":{"rendered":"<div data-elementor-type=\"wp-page\" data-elementor-id=\"2145\" class=\"elementor elementor-2145\" data-elementor-settings=\"[]\">\n\t\t\t\t\t\t\t<div class=\"elementor-section-wrap\">\n\t\t\t\t\t\t\t<section class=\"has_eae_slider elementor-section elementor-top-section elementor-element elementor-element-774f95d elementor-section-height-min-height elementor-section-boxed elementor-section-height-default elementor-section-items-middle elementor-invisible\" data-particle_enable=\"false\" data-particle-mobile-disabled=\"false\" data-id=\"774f95d\" data-element_type=\"section\" data-settings=\"{&quot;background_background&quot;:&quot;classic&quot;,&quot;animation&quot;:&quot;slideInLeft&quot;,&quot;_ha_eqh_enable&quot;:false}\">\n\t\t\t\t\t\t<div class=\"elementor-container elementor-column-gap-default\">\n\t\t\t\t\t<div class=\"has_eae_slider elementor-column elementor-col-100 elementor-top-column elementor-element elementor-element-a44c35b\" data-id=\"a44c35b\" data-element_type=\"column\">\n\t\t\t<div class=\"elementor-widget-wrap elementor-element-populated\">\n\t\t\t\t\t\t\t\t<div class=\"elementor-element elementor-element-0a85bbb elementor-invisible elementor-widget elementor-widget-heading\" data-id=\"0a85bbb\" data-element_type=\"widget\" data-settings=\"{&quot;_animation&quot;:&quot;fadeInDown&quot;,&quot;_animation_delay&quot;:600}\" data-widget_type=\"heading.default\">\n\t\t\t\t<div class=\"elementor-widget-container\">\n\t\t\t<h2 class=\"elementor-heading-title elementor-size-default\">POLITYKA PRYWATNO\u015aCI<\/h2>\t\t<\/div>\n\t\t\t\t<\/div>\n\t\t\t\t\t<\/div>\n\t\t<\/div>\n\t\t\t\t\t\t\t<\/div>\n\t\t<\/section>\n\t\t\t\t<section class=\"has_eae_slider elementor-section elementor-top-section elementor-element elementor-element-52644b7 elementor-section-height-min-height elementor-section-boxed elementor-section-height-default elementor-section-items-middle elementor-invisible\" data-particle_enable=\"false\" data-particle-mobile-disabled=\"false\" data-id=\"52644b7\" data-element_type=\"section\" data-settings=\"{&quot;background_background&quot;:&quot;gradient&quot;,&quot;animation&quot;:&quot;slideInUp&quot;,&quot;animation_delay&quot;:1200,&quot;_ha_eqh_enable&quot;:false}\">\n\t\t\t\t\t\t<div class=\"elementor-container elementor-column-gap-default\">\n\t\t\t\t\t<div class=\"has_eae_slider elementor-column elementor-col-100 elementor-top-column elementor-element elementor-element-133670b\" data-id=\"133670b\" data-element_type=\"column\">\n\t\t\t<div class=\"elementor-widget-wrap elementor-element-populated\">\n\t\t\t\t\t\t\t\t<div class=\"elementor-element elementor-element-d23d7b2 elementor-widget elementor-widget-text-editor\" data-id=\"d23d7b2\" data-element_type=\"widget\" data-widget_type=\"text-editor.default\">\n\t\t\t\t<div class=\"elementor-widget-container\">\n\t\t\t\t\t\t\t\t<p><strong>Polityka Prywatno\u015bci Sklepu<\/strong><\/p><p>Polityka prywatno\u015bci sklepu <a href=\"https:\/\/kontofortnite.pl\/en\/\">www.kontofortnite.pl<\/a><\/p><p>Informacje og\u00f3lne<\/p><p>Niniejsza Polityka Prywatno\u015bci okre\u015bla zasady przetwarzania i ochrony danych osobowych przekazanych przez U\u017cytkownik\u00f3w w zwi\u0105zku z korzystaniem przez nich us\u0142ug interentowych poprzez Serwis.<\/p><p>Administratorem danych osobowych zawartych w serwisie jest<\/p><p>SEKON JAKUB \u015aLEDZIANOWSKI NIP: 7743251542 W trosce o bezpiecze\u0144stwo powierzonych nam danych opracowali\u015bmy wewn\u0119trzne procedury i zalecenia, kt\u00f3re maj\u0105 zapobiec udost\u0119pnieniu danych osobom nieupowa\u017cnionym. Kontrolujemy ich wykonywanie i stale sprawdzamy ich zgodno\u015b\u0107 z odpowiednimi aktami prawnymi &#8211; ustaw\u0105 o ochronie danych osobowych, ustaw\u0105 o \u015bwiadczeniu us\u0142ug drog\u0105 elektroniczn\u0105, a tak\u017ce wszelkiego rodzaju aktach wykonawczych i aktach prawa wsp\u00f3lnotowego.<\/p><p>Dane Osobowe przetwarzane s\u0105 na podstawie zgody wyra\u017canej przez U\u017cytkownika oraz w przypadkach, w kt\u00f3rych przepisy prawa upowa\u017cniaj\u0105 Administratora do przetwarzania danych osobowych na podstawie przepis\u00f3w prawa lub w celu realizacji zawartej pomi\u0119dzy stronami umowy.Serwis realizuje funkcje pozyskiwania informacji o u\u017cytkownikach i ich zachowaniach w nast\u0119puj\u0105cy spos\u00f3b:<\/p><ul><li>poprzez dobrowolnie wprowadzone w formularzach informacje<\/li><li>poprzez gromadzenie plik\u00f3w \u201ccookies\u201d.<\/li><\/ul><p>Serwis zbiera informacje dobrowolnie podane przez u\u017cytkownika. Dane podane w formularzu s\u0105 przetwarzane w celu wynikaj\u0105cym z funkcji konkretnego formularza np. w celu dokonania procesu obs\u0142ugi kontaktu informacyjnego<\/p><p>Dane osobowe pozostawione w serwisie nie zostan\u0105 sprzedane ani udost\u0119pnione osobom trzecim, zgodnie z przepisami Ustawy o ochronie danych osobowych.<\/p><p>Do danych zawartych w formularzu przys\u0142uguje wgl\u0105d osobie fizycznej, kt\u00f3ra je tam umie\u015bci\u0142a. Osoba ta ma r\u00f3wnie\u017c praw do modyfikacji i zaprzestania przetwarzania swoich danych w dowolnym momencie.<\/p><p>Zastrzegamy sobie prawo do zmiany w polityce ochrony prywatno\u015bci serwisu, na kt\u00f3re mo\u017ce wp\u0142yn\u0105\u0107 rozw\u00f3j technologii internetowej, ewentualne zmiany prawa w zakresie ochrony danych osobowych oraz rozw\u00f3j naszego serwisu internetowego. O wszelkich zmianach b\u0119dziemy informowa\u0107 w spos\u00f3b widoczny i zrozumia\u0142y.<\/p><p>W Serwisie mog\u0105 pojawia\u0107 si\u0119 linki do innych stron internetowych. Takie strony internetowe dzia\u0142aj\u0105 niezale\u017cnie od Serwisu i nie s\u0105 w \u017caden spos\u00f3b nadzorowane przez serwis kontofortnite.pl Strony te mog\u0105 posiada\u0107 w\u0142asne polityki dotycz\u0105ce prywatno\u015bci oraz regulaminy, z kt\u00f3rymi zalecamy si\u0119 zapozna\u0107.<\/p><p>W razie w\u0105tpliwo\u015bci co kt\u00f3regokolwiek z zapis\u00f3w niniejszej polityki prywatno\u015bci jeste\u015bmy do dyspozycji &#8211; nasze dane znale\u017a\u0107 mo\u017cna w zak\u0142adce &#8211;\u00a0 <a href=\"https:\/\/kontofortnite.pl\/en\/kontakt\/\">CONTACT<\/a><\/p>\t\t\t\t\t\t<\/div>\n\t\t\t\t<\/div>\n\t\t\t\t\t<\/div>\n\t\t<\/div>\n\t\t\t\t\t\t\t<\/div>\n\t\t<\/section>\n\t\t\t\t\t\t<\/div>\n\t\t\t\t\t<\/div>","protected":false},"excerpt":{"rendered":"<p>POLITYKA PRYWATNO\u015aCI Polityka Prywatno\u015bci Sklepu Polityka prywatno\u015bci sklepu www.kontofortnite.pl Informacje og\u00f3lne Niniejsza Polityka Prywatno\u015bci okre\u015bla zasady przetwarzania i ochrony danych osobowych przekazanych przez U\u017cytkownik\u00f3w w zwi\u0105zku z korzystaniem przez nich us\u0142ug interentowych poprzez Serwis. Administratorem danych osobowych zawartych w serwisie jest SEKON JAKUB \u015aLEDZIANOWSKI NIP: 7743251542 W trosce o bezpiecze\u0144stwo powierzonych nam danych opracowali\u015bmy wewn\u0119trzne [&hellip;]<\/p>","protected":false},"author":1,"featured_media":0,"parent":0,"menu_order":0,"comment_status":"closed","ping_status":"closed","template":"","meta":[],"yoast_head":"<!-- This site is optimized with the Yoast SEO plugin v17.0 - https:\/\/yoast.com\/wordpress\/plugins\/seo\/ -->\n<title>Polityka prywatno\u015bci &raquo; Konta Fortnite<\/title>\n<meta name=\"robots\" content=\"index, follow, max-snippet:-1, max-image-preview:large, max-video-preview:-1\" \/>\n<link rel=\"canonical\" href=\"https:\/\/kontofortnite.pl\/en\/polityka-prywatnosci\/\" \/>\n<meta property=\"og:locale\" content=\"en_US\" \/>\n<meta property=\"og:type\" content=\"article\" \/>\n<meta property=\"og:title\" content=\"Polityka prywatno\u015bci &raquo; Konta Fortnite\" \/>\n<meta property=\"og:description\" content=\"POLITYKA PRYWATNO\u015aCI Polityka Prywatno\u015bci Sklepu Polityka prywatno\u015bci sklepu www.kontofortnite.pl Informacje og\u00f3lne Niniejsza Polityka Prywatno\u015bci okre\u015bla zasady przetwarzania i ochrony danych osobowych przekazanych przez U\u017cytkownik\u00f3w w zwi\u0105zku z korzystaniem przez nich us\u0142ug interentowych poprzez Serwis. Administratorem danych osobowych zawartych w serwisie jest SEKON JAKUB \u015aLEDZIANOWSKI NIP: 7743251542 W trosce o bezpiecze\u0144stwo powierzonych nam danych opracowali\u015bmy wewn\u0119trzne [&hellip;]\" \/>\n<meta property=\"og:url\" content=\"https:\/\/kontofortnite.pl\/en\/polityka-prywatnosci\/\" \/>\n<meta property=\"og:site_name\" content=\"Konta Fortnite\" \/>\n<meta property=\"article:publisher\" content=\"https:\/\/www.facebook.com\/gaming\/KontoFortniteFanpage\" \/>\n<meta property=\"article:modified_time\" content=\"2021-07-22T14:41:22+00:00\" \/>\n<meta name=\"twitter:card\" content=\"summary_large_image\" \/>\n<meta name=\"twitter:label1\" content=\"Est. reading time\" \/>\n\t<meta name=\"twitter:data1\" content=\"2 minutes\" \/>\n<script type=\"application\/ld+json\" class=\"yoast-schema-graph\">{\"@context\":\"https:\/\/schema.org\",\"@graph\":[{\"@type\":\"Organization\",\"@id\":\"https:\/\/kontofortnite.pl\/#organization\",\"name\":\"Konta Fortnite\",\"url\":\"https:\/\/kontofortnite.pl\/\",\"sameAs\":[\"https:\/\/www.facebook.com\/gaming\/KontoFortniteFanpage\",\"https:\/\/www.instagram.com\/kontofortnite.pl\/\"],\"logo\":{\"@type\":\"ImageObject\",\"@id\":\"https:\/\/kontofortnite.pl\/#logo\",\"inLanguage\":\"en-US\",\"url\":\"https:\/\/kontofortnite.pl\/wp-content\/uploads\/2021\/06\/wp4663672-1.jpg.png\",\"contentUrl\":\"https:\/\/kontofortnite.pl\/wp-content\/uploads\/2021\/06\/wp4663672-1.jpg.png\",\"width\":1600,\"height\":853,\"caption\":\"Konta Fortnite\"},\"image\":{\"@id\":\"https:\/\/kontofortnite.pl\/#logo\"}},{\"@type\":\"WebSite\",\"@id\":\"https:\/\/kontofortnite.pl\/#website\",\"url\":\"https:\/\/kontofortnite.pl\/\",\"name\":\"Konto Fortnite\",\"description\":\"Sklep z kontami Fortnite. Legitymowane konta od Epic Games.\",\"publisher\":{\"@id\":\"https:\/\/kontofortnite.pl\/#organization\"},\"potentialAction\":[{\"@type\":\"SearchAction\",\"target\":{\"@type\":\"EntryPoint\",\"urlTemplate\":\"https:\/\/kontofortnite.pl\/?s={search_term_string}\"},\"query-input\":\"required name=search_term_string\"}],\"inLanguage\":\"en-US\"},{\"@type\":\"WebPage\",\"@id\":\"https:\/\/kontofortnite.pl\/polityka-prywatnosci\/#webpage\",\"url\":\"https:\/\/kontofortnite.pl\/polityka-prywatnosci\/\",\"name\":\"Polityka prywatno\\u015bci &raquo; Konta Fortnite\",\"isPartOf\":{\"@id\":\"https:\/\/kontofortnite.pl\/#website\"},\"datePublished\":\"2021-07-05T21:21:05+00:00\",\"dateModified\":\"2021-07-22T14:41:22+00:00\",\"breadcrumb\":{\"@id\":\"https:\/\/kontofortnite.pl\/polityka-prywatnosci\/#breadcrumb\"},\"inLanguage\":\"en-US\",\"potentialAction\":[{\"@type\":\"ReadAction\",\"target\":[\"https:\/\/kontofortnite.pl\/polityka-prywatnosci\/\"]}]},{\"@type\":\"BreadcrumbList\",\"@id\":\"https:\/\/kontofortnite.pl\/polityka-prywatnosci\/#breadcrumb\",\"itemListElement\":[{\"@type\":\"ListItem\",\"position\":1,\"name\":\"Strona g\\u0142\\u00f3wna\",\"item\":\"https:\/\/kontofortnite.pl\/\"},{\"@type\":\"ListItem\",\"position\":2,\"name\":\"Polityka prywatno\\u015bci\"}]}]}<\/script>\n<!-- \/ Yoast SEO plugin. -->","yoast_head_json":{"title":"Polityka prywatno\u015bci &raquo; Konta Fortnite","robots":{"index":"index","follow":"follow","max-snippet":"max-snippet:-1","max-image-preview":"max-image-preview:large","max-video-preview":"max-video-preview:-1"},"canonical":"https:\/\/kontofortnite.pl\/en\/polityka-prywatnosci\/","og_locale":"en_US","og_type":"article","og_title":"Polityka prywatno\u015bci &raquo; Konta Fortnite","og_description":"POLITYKA PRYWATNO\u015aCI Polityka Prywatno\u015bci Sklepu Polityka prywatno\u015bci sklepu www.kontofortnite.pl Informacje og\u00f3lne Niniejsza Polityka Prywatno\u015bci okre\u015bla zasady przetwarzania i ochrony danych osobowych przekazanych przez U\u017cytkownik\u00f3w w zwi\u0105zku z korzystaniem przez nich us\u0142ug interentowych poprzez Serwis. Administratorem danych osobowych zawartych w serwisie jest SEKON JAKUB \u015aLEDZIANOWSKI NIP: 7743251542 W trosce o bezpiecze\u0144stwo powierzonych nam danych opracowali\u015bmy wewn\u0119trzne [&hellip;]","og_url":"https:\/\/kontofortnite.pl\/en\/polityka-prywatnosci\/","og_site_name":"Konta Fortnite","article_publisher":"https:\/\/www.facebook.com\/gaming\/KontoFortniteFanpage","article_modified_time":"2021-07-22T14:41:22+00:00","twitter_card":"summary_large_image","twitter_misc":{"Est. reading time":"2 minutes"},"schema":{"@context":"https:\/\/schema.org","@graph":[{"@type":"Organization","@id":"https:\/\/kontofortnite.pl\/#organization","name":"Konta Fortnite","url":"https:\/\/kontofortnite.pl\/","sameAs":["https:\/\/www.facebook.com\/gaming\/KontoFortniteFanpage","https:\/\/www.instagram.com\/kontofortnite.pl\/"],"logo":{"@type":"ImageObject","@id":"https:\/\/kontofortnite.pl\/#logo","inLanguage":"en-US","url":"https:\/\/kontofortnite.pl\/wp-content\/uploads\/2021\/06\/wp4663672-1.jpg.png","contentUrl":"https:\/\/kontofortnite.pl\/wp-content\/uploads\/2021\/06\/wp4663672-1.jpg.png","width":1600,"height":853,"caption":"Konta Fortnite"},"image":{"@id":"https:\/\/kontofortnite.pl\/#logo"}},{"@type":"WebSite","@id":"https:\/\/kontofortnite.pl\/#website","url":"https:\/\/kontofortnite.pl\/","name":"Konto Fortnite","description":"Sklep z kontami Fortnite. Legitymowane konta od Epic Games.","publisher":{"@id":"https:\/\/kontofortnite.pl\/#organization"},"potentialAction":[{"@type":"SearchAction","target":{"@type":"EntryPoint","urlTemplate":"https:\/\/kontofortnite.pl\/?s={search_term_string}"},"query-input":"required name=search_term_string"}],"inLanguage":"en-US"},{"@type":"WebPage","@id":"https:\/\/kontofortnite.pl\/polityka-prywatnosci\/#webpage","url":"https:\/\/kontofortnite.pl\/polityka-prywatnosci\/","name":"Polityka prywatno\u015bci &raquo; Konta Fortnite","isPartOf":{"@id":"https:\/\/kontofortnite.pl\/#website"},"datePublished":"2021-07-05T21:21:05+00:00","dateModified":"2021-07-22T14:41:22+00:00","breadcrumb":{"@id":"https:\/\/kontofortnite.pl\/polityka-prywatnosci\/#breadcrumb"},"inLanguage":"en-US","potentialAction":[{"@type":"ReadAction","target":["https:\/\/kontofortnite.pl\/polityka-prywatnosci\/"]}]},{"@type":"BreadcrumbList","@id":"https:\/\/kontofortnite.pl\/polityka-prywatnosci\/#breadcrumb","itemListElement":[{"@type":"ListItem","position":1,"name":"Strona g\u0142\u00f3wna","item":"https:\/\/kontofortnite.pl\/"},{"@type":"ListItem","position":2,"name":"Polityka prywatno\u015bci"}]}]}},"_links":{"self":[{"href":"https:\/\/kontofortnite.pl\/en\/wp-json\/wp\/v2\/pages\/2145"}],"collection":[{"href":"https:\/\/kontofortnite.pl\/en\/wp-json\/wp\/v2\/pages"}],"about":[{"href":"https:\/\/kontofortnite.pl\/en\/wp-json\/wp\/v2\/types\/page"}],"author":[{"embeddable":true,"href":"https:\/\/kontofortnite.pl\/en\/wp-json\/wp\/v2\/users\/1"}],"replies":[{"embeddable":true,"href":"https:\/\/kontofortnite.pl\/en\/wp-json\/wp\/v2\/comments?post=2145"}],"version-history":[{"count":10,"href":"https:\/\/kontofortnite.pl\/en\/wp-json\/wp\/v2\/pages\/2145\/revisions"}],"predecessor-version":[{"id":2343,"href":"https:\/\/kontofortnite.pl\/en\/wp-json\/wp\/v2\/pages\/2145\/revisions\/2343"}],"wp:attachment":[{"href":"https:\/\/kontofortnite.pl\/en\/wp-json\/wp\/v2\/media?parent=2145"}],"curies":[{"name":"wp","href":"https:\/\/api.w.org\/{rel}","templated":true}]}}