{"id":694,"date":"2021-06-29T15:07:09","date_gmt":"2021-06-29T15:07:09","guid":{"rendered":"https:\/\/kontofortnite.pl\/?page_id=694"},"modified":"2024-12-11T19:59:11","modified_gmt":"2024-12-11T19:59:11","slug":"losowe-skiny","status":"publish","type":"page","link":"https:\/\/kontofortnite.pl\/en\/losowe-skiny\/","title":{"rendered":"RANDOM ACCOUNTS"},"content":{"rendered":"<div data-elementor-type=\"wp-page\" data-elementor-id=\"694\" class=\"elementor elementor-694\" data-elementor-settings=\"[]\">\n\t\t\t\t\t\t\t<div class=\"elementor-section-wrap\">\n\t\t\t\t\t\t\t<section class=\"has_eae_slider pp-bg-effects elementor-section elementor-top-section elementor-element elementor-element-2272bed pp-bg-effects-yes elementor-section-boxed elementor-section-height-default elementor-section-height-default\" data-particle_enable=\"false\" data-particle-mobile-disabled=\"false\" id=\"pp-bg-effects-2272bed\" data-section-id=\"2272bed\" data-effect-enable=\"yes\" data-animation-type=\"waves\" data-canvas-opacity=\"1\" data-hide-max-width=\"none\" data-hide-min-width=\"none\" data-waves-color=\"0xD0F2F4\" data-waves-shininess=\"30\" data-waves-height=\"15\" data-waves-zoom=\"1\" data-waves-speed=\"1\" data-id=\"2272bed\" data-element_type=\"section\" data-settings=\"{&quot;pp_background_effects_enable&quot;:&quot;yes&quot;,&quot;effect_hide_tablet&quot;:&quot;label_off&quot;,&quot;effect_hide_mobile&quot;:&quot;label_off&quot;,&quot;_ha_eqh_enable&quot;:false}\">\n\t\t\t\t\t\t<div class=\"elementor-container elementor-column-gap-default\">\n\t\t\t\t\t<div data-ha-element-link=\"{&quot;url&quot;:&quot;https:\\\/\\\/kontofortnite.pl\\\/product\\\/losowe-skiny-min-50\\\/&quot;,&quot;is_external&quot;:&quot;&quot;,&quot;nofollow&quot;:&quot;&quot;,&quot;custom_attributes&quot;:&quot;&quot;}\" style=\"cursor: pointer\" class=\"has_eae_slider elementor-column elementor-col-33 elementor-top-column elementor-element elementor-element-4669a9d elementor-invisible\" data-id=\"4669a9d\" data-element_type=\"column\" data-settings=\"{&quot;animation&quot;:&quot;fadeInDown&quot;,&quot;animation_delay&quot;:200}\">\n\t\t\t<div class=\"elementor-widget-wrap elementor-element-populated\">\n\t\t\t\t\t\t\t\t<div class=\"elementor-element elementor-element-0ab4bae elementor-widget elementor-widget-image\" data-id=\"0ab4bae\" data-element_type=\"widget\" data-widget_type=\"image.default\">\n\t\t\t\t<div class=\"elementor-widget-container\">\n\t\t\t\t\t\t\t\t\t\t\t\t\t\t\t<img width=\"1280\" height=\"720\" src=\"https:\/\/kontofortnite.pl\/wp-content\/uploads\/2021\/06\/MIN.50.jpg\" class=\"attachment-full size-full\" alt=\"\" loading=\"lazy\" srcset=\"https:\/\/kontofortnite.pl\/wp-content\/uploads\/2021\/06\/MIN.50.jpg 1280w, https:\/\/kontofortnite.pl\/wp-content\/uploads\/2021\/06\/MIN.50-300x169.jpg 300w, https:\/\/kontofortnite.pl\/wp-content\/uploads\/2021\/06\/MIN.50-1024x576.jpg 1024w, https:\/\/kontofortnite.pl\/wp-content\/uploads\/2021\/06\/MIN.50-768x432.jpg 768w, https:\/\/kontofortnite.pl\/wp-content\/uploads\/2021\/06\/MIN.50-600x338.jpg 600w\" sizes=\"(max-width: 1280px) 100vw, 1280px\" \/>\t\t\t\t\t\t\t\t\t\t\t\t\t\t\t<\/div>\n\t\t\t\t<\/div>\n\t\t\t\t<div class=\"elementor-element elementor-element-451a58b elementor-widget elementor-widget-heading\" data-id=\"451a58b\" data-element_type=\"widget\" data-widget_type=\"heading.default\">\n\t\t\t\t<div class=\"elementor-widget-container\">\n\t\t\t<h2 class=\"elementor-heading-title elementor-size-default\">MINIMUM 50 SKINS<\/h2>\t\t<\/div>\n\t\t\t\t<\/div>\n\t\t\t\t<div class=\"elementor-element elementor-element-6e1a228 elementor-widget elementor-widget-heading\" data-id=\"6e1a228\" data-element_type=\"widget\" data-widget_type=\"heading.default\">\n\t\t\t\t<div class=\"elementor-widget-container\">\n\t\t\t<h2 class=\"elementor-heading-title elementor-size-default\">40z\u0142<\/h2>\t\t<\/div>\n\t\t\t\t<\/div>\n\t\t\t\t<div class=\"elementor-element elementor-element-f63c938 elementor-widget elementor-widget-text-editor\" data-id=\"f63c938\" data-element_type=\"widget\" data-widget_type=\"text-editor.default\">\n\t\t\t\t<div class=\"elementor-widget-container\">\n\t\t\t\t\t\t\t\t<ul><li><b>There are legendary, epic and unique skins. From season 1!<\/b><\/li><li>The game works on:\u00a0<b>PC, PS, PHONES, TABLETS and NINTENDO SWITCH!<\/b><\/li><li>The game is in the English language version<\/li><li>It has no <strong>no locks<\/strong><\/li><li>You get a account from photo with unique skins - <strong>100% guaranteed\u00a0<\/strong><\/li><li><b>You can change the nickname<\/b><\/li><li><strong>THESE ARE NOT CRACKS.<\/strong><\/li><li>Ability to <strong>exchange<\/strong> <strong>skins<\/strong> for others.<\/li><\/ul>\t\t\t\t\t\t<\/div>\n\t\t\t\t<\/div>\n\t\t\t\t<div class=\"elementor-element elementor-element-1dc0e59 elementor-view-default elementor-widget elementor-widget-icon\" data-id=\"1dc0e59\" data-element_type=\"widget\" data-widget_type=\"icon.default\">\n\t\t\t\t<div class=\"elementor-widget-container\">\n\t\t\t\t\t<div class=\"elementor-icon-wrapper\">\n\t\t\t<div class=\"elementor-icon\">\n\t\t\t<i aria-hidden=\"true\" class=\"hm hm-shopping-bag1\"><\/i>\t\t\t<\/div>\n\t\t<\/div>\n\t\t\t\t<\/div>\n\t\t\t\t<\/div>\n\t\t\t\t\t<\/div>\n\t\t<\/div>\n\t\t\t\t<div data-ha-element-link=\"{&quot;url&quot;:&quot;https:\\\/\\\/kontofortnite.pl\\\/product\\\/losowe-skiny-min-90\\\/&quot;,&quot;is_external&quot;:&quot;&quot;,&quot;nofollow&quot;:&quot;&quot;,&quot;custom_attributes&quot;:&quot;&quot;}\" style=\"cursor: pointer\" class=\"has_eae_slider elementor-column elementor-col-33 elementor-top-column elementor-element elementor-element-c2d0d12 elementor-invisible\" data-id=\"c2d0d12\" data-element_type=\"column\" data-settings=\"{&quot;animation&quot;:&quot;fadeInDown&quot;,&quot;animation_delay&quot;:600}\">\n\t\t\t<div class=\"elementor-widget-wrap elementor-element-populated\">\n\t\t\t\t\t\t\t\t<div class=\"elementor-element elementor-element-fade2fe elementor-widget elementor-widget-image\" data-id=\"fade2fe\" data-element_type=\"widget\" data-widget_type=\"image.default\">\n\t\t\t\t<div class=\"elementor-widget-container\">\n\t\t\t\t\t\t\t\t\t\t\t\t\t\t\t<img width=\"1280\" height=\"720\" src=\"https:\/\/kontofortnite.pl\/wp-content\/uploads\/2021\/06\/min.90.jpg\" class=\"attachment-full size-full\" alt=\"\" loading=\"lazy\" srcset=\"https:\/\/kontofortnite.pl\/wp-content\/uploads\/2021\/06\/min.90.jpg 1280w, https:\/\/kontofortnite.pl\/wp-content\/uploads\/2021\/06\/min.90-300x169.jpg 300w, https:\/\/kontofortnite.pl\/wp-content\/uploads\/2021\/06\/min.90-1024x576.jpg 1024w, https:\/\/kontofortnite.pl\/wp-content\/uploads\/2021\/06\/min.90-768x432.jpg 768w, https:\/\/kontofortnite.pl\/wp-content\/uploads\/2021\/06\/min.90-600x338.jpg 600w\" sizes=\"(max-width: 1280px) 100vw, 1280px\" \/>\t\t\t\t\t\t\t\t\t\t\t\t\t\t\t<\/div>\n\t\t\t\t<\/div>\n\t\t\t\t<div class=\"elementor-element elementor-element-5794629 elementor-widget elementor-widget-heading\" data-id=\"5794629\" data-element_type=\"widget\" data-widget_type=\"heading.default\">\n\t\t\t\t<div class=\"elementor-widget-container\">\n\t\t\t<h2 class=\"elementor-heading-title elementor-size-default\">MINIMUM 90 SKINS<\/h2>\t\t<\/div>\n\t\t\t\t<\/div>\n\t\t\t\t<div class=\"elementor-element elementor-element-45ac435 elementor-widget elementor-widget-heading\" data-id=\"45ac435\" data-element_type=\"widget\" data-widget_type=\"heading.default\">\n\t\t\t\t<div class=\"elementor-widget-container\">\n\t\t\t<h2 class=\"elementor-heading-title elementor-size-default\">50z\u0142<\/h2>\t\t<\/div>\n\t\t\t\t<\/div>\n\t\t\t\t<div class=\"elementor-element elementor-element-407b724 elementor-widget elementor-widget-text-editor\" data-id=\"407b724\" data-element_type=\"widget\" data-widget_type=\"text-editor.default\">\n\t\t\t\t<div class=\"elementor-widget-container\">\n\t\t\t\t\t\t\t\t<ul><li><b>There are legendary, epic and unique skins. From season 1!<\/b><\/li><li>The game works on:\u00a0<b>PC, PS, PHONES, TABLETS and NINTENDO SWITCH!<\/b><\/li><li>The game is in the English language version<\/li><li>It has no <strong>no locks<\/strong><\/li><li>You get a account from photo with unique skins - <strong>100% guaranteed\u00a0<\/strong><\/li><li><b>You can change the nickname<\/b><\/li><li><strong>THESE ARE NOT CRACKS.<\/strong><\/li><li>Ability to <strong>exchange<\/strong> <strong>skins<\/strong> for others.<\/li><\/ul>\t\t\t\t\t\t<\/div>\n\t\t\t\t<\/div>\n\t\t\t\t<div class=\"elementor-element elementor-element-724dfaa elementor-view-default elementor-widget elementor-widget-icon\" data-id=\"724dfaa\" data-element_type=\"widget\" data-widget_type=\"icon.default\">\n\t\t\t\t<div class=\"elementor-widget-container\">\n\t\t\t\t\t<div class=\"elementor-icon-wrapper\">\n\t\t\t<div class=\"elementor-icon\">\n\t\t\t<i aria-hidden=\"true\" class=\"hm hm-shopping-bag1\"><\/i>\t\t\t<\/div>\n\t\t<\/div>\n\t\t\t\t<\/div>\n\t\t\t\t<\/div>\n\t\t\t\t\t<\/div>\n\t\t<\/div>\n\t\t\t\t<div data-ha-element-link=\"{&quot;url&quot;:&quot;https:\\\/\\\/kontofortnite.pl\\\/product\\\/losowe-skiny-min-120\\\/&quot;,&quot;is_external&quot;:&quot;&quot;,&quot;nofollow&quot;:&quot;&quot;,&quot;custom_attributes&quot;:&quot;&quot;}\" style=\"cursor: pointer\" class=\"has_eae_slider elementor-column elementor-col-33 elementor-top-column elementor-element elementor-element-284ac1d elementor-invisible\" data-id=\"284ac1d\" data-element_type=\"column\" data-settings=\"{&quot;animation&quot;:&quot;fadeInDown&quot;,&quot;animation_delay&quot;:1000}\">\n\t\t\t<div class=\"elementor-widget-wrap elementor-element-populated\">\n\t\t\t\t\t\t\t\t<div class=\"elementor-element elementor-element-8c4f560 elementor-widget elementor-widget-image\" data-id=\"8c4f560\" data-element_type=\"widget\" data-widget_type=\"image.default\">\n\t\t\t\t<div class=\"elementor-widget-container\">\n\t\t\t\t\t\t\t\t\t\t\t\t\t\t\t<img width=\"1280\" height=\"720\" src=\"https:\/\/kontofortnite.pl\/wp-content\/uploads\/2021\/06\/min.120.jpg\" class=\"attachment-full size-full\" alt=\"\" loading=\"lazy\" srcset=\"https:\/\/kontofortnite.pl\/wp-content\/uploads\/2021\/06\/min.120.jpg 1280w, https:\/\/kontofortnite.pl\/wp-content\/uploads\/2021\/06\/min.120-300x169.jpg 300w, https:\/\/kontofortnite.pl\/wp-content\/uploads\/2021\/06\/min.120-1024x576.jpg 1024w, https:\/\/kontofortnite.pl\/wp-content\/uploads\/2021\/06\/min.120-768x432.jpg 768w, https:\/\/kontofortnite.pl\/wp-content\/uploads\/2021\/06\/min.120-600x338.jpg 600w\" sizes=\"(max-width: 1280px) 100vw, 1280px\" \/>\t\t\t\t\t\t\t\t\t\t\t\t\t\t\t<\/div>\n\t\t\t\t<\/div>\n\t\t\t\t<div class=\"elementor-element elementor-element-613d654 elementor-widget elementor-widget-heading\" data-id=\"613d654\" data-element_type=\"widget\" data-widget_type=\"heading.default\">\n\t\t\t\t<div class=\"elementor-widget-container\">\n\t\t\t<h2 class=\"elementor-heading-title elementor-size-default\">MINIMUM 120 SKINS<\/h2>\t\t<\/div>\n\t\t\t\t<\/div>\n\t\t\t\t<div class=\"elementor-element elementor-element-a908ce8 elementor-widget elementor-widget-heading\" data-id=\"a908ce8\" data-element_type=\"widget\" data-widget_type=\"heading.default\">\n\t\t\t\t<div class=\"elementor-widget-container\">\n\t\t\t<h2 class=\"elementor-heading-title elementor-size-default\">80z\u0142<\/h2>\t\t<\/div>\n\t\t\t\t<\/div>\n\t\t\t\t<div class=\"elementor-element elementor-element-fbf25f3 elementor-widget elementor-widget-text-editor\" data-id=\"fbf25f3\" data-element_type=\"widget\" data-widget_type=\"text-editor.default\">\n\t\t\t\t<div class=\"elementor-widget-container\">\n\t\t\t\t\t\t\t\t<ul><li><b>There are legendary, epic and unique skins. From season 1!<\/b><\/li><li>The game works on:\u00a0<b>PC, PS, PHONES, TABLETS and NINTENDO SWITCH!<\/b><\/li><li>The game is in the English language version<\/li><li>It has no <strong>no locks<\/strong><\/li><li>You get a account from photo with unique skins - <strong>100% guaranteed\u00a0<\/strong><\/li><li><b>You can change the nickname<\/b><\/li><li><strong>THESE ARE NOT CRACKS.<\/strong><\/li><li>Ability to <strong>exchange<\/strong> <strong>skins<\/strong> for others.<\/li><\/ul>\t\t\t\t\t\t<\/div>\n\t\t\t\t<\/div>\n\t\t\t\t<div class=\"elementor-element elementor-element-70dee93 elementor-view-default elementor-widget elementor-widget-icon\" data-id=\"70dee93\" data-element_type=\"widget\" data-widget_type=\"icon.default\">\n\t\t\t\t<div class=\"elementor-widget-container\">\n\t\t\t\t\t<div class=\"elementor-icon-wrapper\">\n\t\t\t<div class=\"elementor-icon\">\n\t\t\t<i aria-hidden=\"true\" class=\"hm hm-shopping-bag1\"><\/i>\t\t\t<\/div>\n\t\t<\/div>\n\t\t\t\t<\/div>\n\t\t\t\t<\/div>\n\t\t\t\t\t<\/div>\n\t\t<\/div>\n\t\t\t\t\t\t\t<\/div>\n\t\t<\/section>\n\t\t\t\t<section class=\"has_eae_slider pp-bg-effects elementor-section elementor-top-section elementor-element elementor-element-44f7da4 pp-bg-effects-yes elementor-section-boxed elementor-section-height-default elementor-section-height-default\" data-particle_enable=\"false\" data-particle-mobile-disabled=\"false\" id=\"pp-bg-effects-44f7da4\" data-section-id=\"44f7da4\" data-effect-enable=\"yes\" data-animation-type=\"waves\" data-canvas-opacity=\"1\" data-hide-max-width=\"none\" data-hide-min-width=\"none\" data-waves-color=\"0xD0F2F4\" data-waves-shininess=\"30\" data-waves-height=\"15\" data-waves-zoom=\"1\" data-waves-speed=\"1\" data-id=\"44f7da4\" data-element_type=\"section\" data-settings=\"{&quot;pp_background_effects_enable&quot;:&quot;yes&quot;,&quot;effect_hide_tablet&quot;:&quot;label_off&quot;,&quot;effect_hide_mobile&quot;:&quot;label_off&quot;,&quot;_ha_eqh_enable&quot;:false}\">\n\t\t\t\t\t\t<div class=\"elementor-container elementor-column-gap-default\">\n\t\t\t\t\t<div data-ha-element-link=\"{&quot;url&quot;:&quot;https:\\\/\\\/kontofortnite.pl\\\/product\\\/losowe-skiny-min-300\\\/&quot;,&quot;is_external&quot;:&quot;&quot;,&quot;nofollow&quot;:&quot;&quot;,&quot;custom_attributes&quot;:&quot;&quot;}\" style=\"cursor: pointer\" class=\"has_eae_slider elementor-column elementor-col-33 elementor-top-column elementor-element elementor-element-45cf1e6 elementor-invisible\" data-id=\"45cf1e6\" data-element_type=\"column\" data-settings=\"{&quot;animation&quot;:&quot;fadeInDown&quot;,&quot;animation_delay&quot;:200}\">\n\t\t\t<div class=\"elementor-widget-wrap elementor-element-populated\">\n\t\t\t\t\t\t\t\t<div class=\"elementor-element elementor-element-7d3474f elementor-widget elementor-widget-image\" data-id=\"7d3474f\" data-element_type=\"widget\" data-widget_type=\"image.default\">\n\t\t\t\t<div class=\"elementor-widget-container\">\n\t\t\t\t\t\t\t\t\t\t\t\t\t\t\t<img width=\"1280\" height=\"720\" src=\"https:\/\/kontofortnite.pl\/wp-content\/uploads\/2021\/06\/min.300.jpg\" class=\"attachment-full size-full\" alt=\"\" loading=\"lazy\" srcset=\"https:\/\/kontofortnite.pl\/wp-content\/uploads\/2021\/06\/min.300.jpg 1280w, https:\/\/kontofortnite.pl\/wp-content\/uploads\/2021\/06\/min.300-300x169.jpg 300w, https:\/\/kontofortnite.pl\/wp-content\/uploads\/2021\/06\/min.300-1024x576.jpg 1024w, https:\/\/kontofortnite.pl\/wp-content\/uploads\/2021\/06\/min.300-768x432.jpg 768w, https:\/\/kontofortnite.pl\/wp-content\/uploads\/2021\/06\/min.300-600x338.jpg 600w\" sizes=\"(max-width: 1280px) 100vw, 1280px\" \/>\t\t\t\t\t\t\t\t\t\t\t\t\t\t\t<\/div>\n\t\t\t\t<\/div>\n\t\t\t\t<div class=\"elementor-element elementor-element-17a2b4a elementor-widget elementor-widget-heading\" data-id=\"17a2b4a\" data-element_type=\"widget\" data-widget_type=\"heading.default\">\n\t\t\t\t<div class=\"elementor-widget-container\">\n\t\t\t<h2 class=\"elementor-heading-title elementor-size-default\">MINIMUM 300 SKINS<\/h2>\t\t<\/div>\n\t\t\t\t<\/div>\n\t\t\t\t<div class=\"elementor-element elementor-element-e55eae7 elementor-widget elementor-widget-heading\" data-id=\"e55eae7\" data-element_type=\"widget\" data-widget_type=\"heading.default\">\n\t\t\t\t<div class=\"elementor-widget-container\">\n\t\t\t<h2 class=\"elementor-heading-title elementor-size-default\">100z\u0142<\/h2>\t\t<\/div>\n\t\t\t\t<\/div>\n\t\t\t\t<div class=\"elementor-element elementor-element-090bd8c elementor-widget elementor-widget-text-editor\" data-id=\"090bd8c\" data-element_type=\"widget\" data-widget_type=\"text-editor.default\">\n\t\t\t\t<div class=\"elementor-widget-container\">\n\t\t\t\t\t\t\t\t<ul><li><b>There are legendary, epic and unique skins. From season 1!<\/b><\/li><li>The game works on:\u00a0<b>PC, PS, PHONES, TABLETS and NINTENDO SWITCH!<\/b><\/li><li>The game is in the English language version<\/li><li>It has no <strong>no locks<\/strong><\/li><li>You get a account from photo with unique skins - <strong>100% guaranteed\u00a0<\/strong><\/li><li><b>You can change the nickname<\/b><\/li><li><strong>THESE ARE NOT CRACKS.<\/strong><\/li><li>Ability to <strong>exchange<\/strong> <strong>skins<\/strong> for others.<\/li><\/ul>\t\t\t\t\t\t<\/div>\n\t\t\t\t<\/div>\n\t\t\t\t<div class=\"elementor-element elementor-element-ad381f6 elementor-view-default elementor-widget elementor-widget-icon\" data-id=\"ad381f6\" data-element_type=\"widget\" data-widget_type=\"icon.default\">\n\t\t\t\t<div class=\"elementor-widget-container\">\n\t\t\t\t\t<div class=\"elementor-icon-wrapper\">\n\t\t\t<div class=\"elementor-icon\">\n\t\t\t<i aria-hidden=\"true\" class=\"hm hm-shopping-bag1\"><\/i>\t\t\t<\/div>\n\t\t<\/div>\n\t\t\t\t<\/div>\n\t\t\t\t<\/div>\n\t\t\t\t\t<\/div>\n\t\t<\/div>\n\t\t\t\t<div class=\"has_eae_slider elementor-column elementor-col-33 elementor-top-column elementor-element elementor-element-fb8a0bc\" data-id=\"fb8a0bc\" data-element_type=\"column\">\n\t\t\t<div class=\"elementor-widget-wrap\">\n\t\t\t\t\t\t\t\t\t<\/div>\n\t\t<\/div>\n\t\t\t\t<div class=\"has_eae_slider elementor-column elementor-col-33 elementor-top-column elementor-element elementor-element-3cfa359\" data-id=\"3cfa359\" data-element_type=\"column\">\n\t\t\t<div class=\"elementor-widget-wrap\">\n\t\t\t\t\t\t\t\t\t<\/div>\n\t\t<\/div>\n\t\t\t\t\t\t\t<\/div>\n\t\t<\/section>\n\t\t\t\t\t\t<\/div>\n\t\t\t\t\t<\/div>","protected":false},"excerpt":{"rendered":"<p>MINIMUM 50 SKIN\u00d3W 40z\u0142 Znajduj\u0105 si\u0119 skiny legendarne, epickie oraz unikatowe. Od 1 sezonu! Gra dzia\u0142a na:\u00a0PC, PS, TELEFONY, TABLETY oraz NINTENDO SWITCH! Gra jest w\u00a0Polskiej\u00a0wersji j\u0119zykowej Nie posiada \u017cadnych blokad! Dostajesz konto ze zdj\u0119\u0107 z unikatowymi sk\u00f3rkami &#8211; 100% gwarancji\u00a0 Mo\u017cna zmieni\u0107 nazw\u0119 NIE S\u0104 TO CRACKI. Mo\u017cliwo\u015b\u0107 wymiany sk\u00f3rek na inne. MINIMUM 90 [&hellip;]<\/p>","protected":false},"author":1,"featured_media":0,"parent":0,"menu_order":0,"comment_status":"closed","ping_status":"closed","template":"","meta":[],"yoast_head":"<!-- This site is optimized with the Yoast SEO plugin v17.0 - https:\/\/yoast.com\/wordpress\/plugins\/seo\/ -->\n<title>KONTA LOSOWE<\/title>\n<meta name=\"description\" content=\"Losowe sk\u00f3rki od 1 sezonu w niskich cenach. Mo\u017cliwo\u015b\u0107 sk\u00f3rek gwarantowanych. Nielimitowany dost\u0119p na zawsze do konta Fortnite z emailem!\" \/>\n<meta name=\"robots\" content=\"index, follow, max-snippet:-1, max-image-preview:large, max-video-preview:-1\" \/>\n<link rel=\"canonical\" href=\"https:\/\/kontofortnite.pl\/en\/losowe-skiny\/\" \/>\n<meta property=\"og:locale\" content=\"en_US\" \/>\n<meta property=\"og:type\" content=\"article\" \/>\n<meta property=\"og:title\" content=\"KONTA LOSOWE\" \/>\n<meta property=\"og:description\" content=\"Losowe sk\u00f3rki od 1 sezonu w niskich cenach. Mo\u017cliwo\u015b\u0107 sk\u00f3rek gwarantowanych. Nielimitowany dost\u0119p na zawsze do konta Fortnite z emailem!\" \/>\n<meta property=\"og:url\" content=\"https:\/\/kontofortnite.pl\/en\/losowe-skiny\/\" \/>\n<meta property=\"og:site_name\" content=\"Konta Fortnite\" \/>\n<meta property=\"article:publisher\" content=\"https:\/\/www.facebook.com\/gaming\/KontoFortniteFanpage\" \/>\n<meta property=\"article:modified_time\" content=\"2024-12-11T19:59:11+00:00\" \/>\n<meta property=\"og:image\" content=\"https:\/\/kontofortnite.pl\/wp-content\/uploads\/2021\/06\/MIN.50.jpg\" \/>\n<meta name=\"twitter:card\" content=\"summary_large_image\" \/>\n<meta name=\"twitter:label1\" content=\"Est. reading time\" \/>\n\t<meta name=\"twitter:data1\" content=\"2 minutes\" \/>\n<script type=\"application\/ld+json\" class=\"yoast-schema-graph\">{\"@context\":\"https:\/\/schema.org\",\"@graph\":[{\"@type\":\"Organization\",\"@id\":\"https:\/\/kontofortnite.pl\/#organization\",\"name\":\"Konta Fortnite\",\"url\":\"https:\/\/kontofortnite.pl\/\",\"sameAs\":[\"https:\/\/www.facebook.com\/gaming\/KontoFortniteFanpage\",\"https:\/\/www.instagram.com\/kontofortnite.pl\/\"],\"logo\":{\"@type\":\"ImageObject\",\"@id\":\"https:\/\/kontofortnite.pl\/#logo\",\"inLanguage\":\"en-US\",\"url\":\"https:\/\/kontofortnite.pl\/wp-content\/uploads\/2021\/06\/wp4663672-1.jpg.png\",\"contentUrl\":\"https:\/\/kontofortnite.pl\/wp-content\/uploads\/2021\/06\/wp4663672-1.jpg.png\",\"width\":1600,\"height\":853,\"caption\":\"Konta Fortnite\"},\"image\":{\"@id\":\"https:\/\/kontofortnite.pl\/#logo\"}},{\"@type\":\"WebSite\",\"@id\":\"https:\/\/kontofortnite.pl\/#website\",\"url\":\"https:\/\/kontofortnite.pl\/\",\"name\":\"Konto Fortnite\",\"description\":\"Sklep z kontami Fortnite. Legitymowane konta od Epic Games.\",\"publisher\":{\"@id\":\"https:\/\/kontofortnite.pl\/#organization\"},\"potentialAction\":[{\"@type\":\"SearchAction\",\"target\":{\"@type\":\"EntryPoint\",\"urlTemplate\":\"https:\/\/kontofortnite.pl\/?s={search_term_string}\"},\"query-input\":\"required name=search_term_string\"}],\"inLanguage\":\"en-US\"},{\"@type\":\"ImageObject\",\"@id\":\"https:\/\/kontofortnite.pl\/losowe-skiny\/#primaryimage\",\"inLanguage\":\"en-US\",\"url\":\"https:\/\/kontofortnite.pl\/wp-content\/uploads\/2021\/06\/MIN.50.jpg\",\"contentUrl\":\"https:\/\/kontofortnite.pl\/wp-content\/uploads\/2021\/06\/MIN.50.jpg\",\"width\":1280,\"height\":720},{\"@type\":\"WebPage\",\"@id\":\"https:\/\/kontofortnite.pl\/losowe-skiny\/#webpage\",\"url\":\"https:\/\/kontofortnite.pl\/losowe-skiny\/\",\"name\":\"KONTA LOSOWE\",\"isPartOf\":{\"@id\":\"https:\/\/kontofortnite.pl\/#website\"},\"primaryImageOfPage\":{\"@id\":\"https:\/\/kontofortnite.pl\/losowe-skiny\/#primaryimage\"},\"datePublished\":\"2021-06-29T15:07:09+00:00\",\"dateModified\":\"2024-12-11T19:59:11+00:00\",\"description\":\"Losowe sk\\u00f3rki od 1 sezonu w niskich cenach. Mo\\u017cliwo\\u015b\\u0107 sk\\u00f3rek gwarantowanych. Nielimitowany dost\\u0119p na zawsze do konta Fortnite z emailem!\",\"breadcrumb\":{\"@id\":\"https:\/\/kontofortnite.pl\/losowe-skiny\/#breadcrumb\"},\"inLanguage\":\"en-US\",\"potentialAction\":[{\"@type\":\"ReadAction\",\"target\":[\"https:\/\/kontofortnite.pl\/losowe-skiny\/\"]}]},{\"@type\":\"BreadcrumbList\",\"@id\":\"https:\/\/kontofortnite.pl\/losowe-skiny\/#breadcrumb\",\"itemListElement\":[{\"@type\":\"ListItem\",\"position\":1,\"name\":\"Strona g\\u0142\\u00f3wna\",\"item\":\"https:\/\/kontofortnite.pl\/\"},{\"@type\":\"ListItem\",\"position\":2,\"name\":\"KONTA LOSOWE\"}]}]}<\/script>\n<!-- \/ Yoast SEO plugin. -->","yoast_head_json":{"title":"KONTA LOSOWE","description":"Losowe sk\u00f3rki od 1 sezonu w niskich cenach. Mo\u017cliwo\u015b\u0107 sk\u00f3rek gwarantowanych. Nielimitowany dost\u0119p na zawsze do konta Fortnite z emailem!","robots":{"index":"index","follow":"follow","max-snippet":"max-snippet:-1","max-image-preview":"max-image-preview:large","max-video-preview":"max-video-preview:-1"},"canonical":"https:\/\/kontofortnite.pl\/en\/losowe-skiny\/","og_locale":"en_US","og_type":"article","og_title":"KONTA LOSOWE","og_description":"Losowe sk\u00f3rki od 1 sezonu w niskich cenach. Mo\u017cliwo\u015b\u0107 sk\u00f3rek gwarantowanych. Nielimitowany dost\u0119p na zawsze do konta Fortnite z emailem!","og_url":"https:\/\/kontofortnite.pl\/en\/losowe-skiny\/","og_site_name":"Konta Fortnite","article_publisher":"https:\/\/www.facebook.com\/gaming\/KontoFortniteFanpage","article_modified_time":"2024-12-11T19:59:11+00:00","og_image":[{"url":"https:\/\/kontofortnite.pl\/wp-content\/uploads\/2021\/06\/MIN.50.jpg"}],"twitter_card":"summary_large_image","twitter_misc":{"Est. reading time":"2 minutes"},"schema":{"@context":"https:\/\/schema.org","@graph":[{"@type":"Organization","@id":"https:\/\/kontofortnite.pl\/#organization","name":"Konta Fortnite","url":"https:\/\/kontofortnite.pl\/","sameAs":["https:\/\/www.facebook.com\/gaming\/KontoFortniteFanpage","https:\/\/www.instagram.com\/kontofortnite.pl\/"],"logo":{"@type":"ImageObject","@id":"https:\/\/kontofortnite.pl\/#logo","inLanguage":"en-US","url":"https:\/\/kontofortnite.pl\/wp-content\/uploads\/2021\/06\/wp4663672-1.jpg.png","contentUrl":"https:\/\/kontofortnite.pl\/wp-content\/uploads\/2021\/06\/wp4663672-1.jpg.png","width":1600,"height":853,"caption":"Konta Fortnite"},"image":{"@id":"https:\/\/kontofortnite.pl\/#logo"}},{"@type":"WebSite","@id":"https:\/\/kontofortnite.pl\/#website","url":"https:\/\/kontofortnite.pl\/","name":"Konto Fortnite","description":"Sklep z kontami Fortnite. Legitymowane konta od Epic Games.","publisher":{"@id":"https:\/\/kontofortnite.pl\/#organization"},"potentialAction":[{"@type":"SearchAction","target":{"@type":"EntryPoint","urlTemplate":"https:\/\/kontofortnite.pl\/?s={search_term_string}"},"query-input":"required name=search_term_string"}],"inLanguage":"en-US"},{"@type":"ImageObject","@id":"https:\/\/kontofortnite.pl\/losowe-skiny\/#primaryimage","inLanguage":"en-US","url":"https:\/\/kontofortnite.pl\/wp-content\/uploads\/2021\/06\/MIN.50.jpg","contentUrl":"https:\/\/kontofortnite.pl\/wp-content\/uploads\/2021\/06\/MIN.50.jpg","width":1280,"height":720},{"@type":"WebPage","@id":"https:\/\/kontofortnite.pl\/losowe-skiny\/#webpage","url":"https:\/\/kontofortnite.pl\/losowe-skiny\/","name":"KONTA LOSOWE","isPartOf":{"@id":"https:\/\/kontofortnite.pl\/#website"},"primaryImageOfPage":{"@id":"https:\/\/kontofortnite.pl\/losowe-skiny\/#primaryimage"},"datePublished":"2021-06-29T15:07:09+00:00","dateModified":"2024-12-11T19:59:11+00:00","description":"Losowe sk\u00f3rki od 1 sezonu w niskich cenach. Mo\u017cliwo\u015b\u0107 sk\u00f3rek gwarantowanych. Nielimitowany dost\u0119p na zawsze do konta Fortnite z emailem!","breadcrumb":{"@id":"https:\/\/kontofortnite.pl\/losowe-skiny\/#breadcrumb"},"inLanguage":"en-US","potentialAction":[{"@type":"ReadAction","target":["https:\/\/kontofortnite.pl\/losowe-skiny\/"]}]},{"@type":"BreadcrumbList","@id":"https:\/\/kontofortnite.pl\/losowe-skiny\/#breadcrumb","itemListElement":[{"@type":"ListItem","position":1,"name":"Strona g\u0142\u00f3wna","item":"https:\/\/kontofortnite.pl\/"},{"@type":"ListItem","position":2,"name":"KONTA LOSOWE"}]}]}},"_links":{"self":[{"href":"https:\/\/kontofortnite.pl\/en\/wp-json\/wp\/v2\/pages\/694"}],"collection":[{"href":"https:\/\/kontofortnite.pl\/en\/wp-json\/wp\/v2\/pages"}],"about":[{"href":"https:\/\/kontofortnite.pl\/en\/wp-json\/wp\/v2\/types\/page"}],"author":[{"embeddable":true,"href":"https:\/\/kontofortnite.pl\/en\/wp-json\/wp\/v2\/users\/1"}],"replies":[{"embeddable":true,"href":"https:\/\/kontofortnite.pl\/en\/wp-json\/wp\/v2\/comments?post=694"}],"version-history":[{"count":71,"href":"https:\/\/kontofortnite.pl\/en\/wp-json\/wp\/v2\/pages\/694\/revisions"}],"predecessor-version":[{"id":6411,"href":"https:\/\/kontofortnite.pl\/en\/wp-json\/wp\/v2\/pages\/694\/revisions\/6411"}],"wp:attachment":[{"href":"https:\/\/kontofortnite.pl\/en\/wp-json\/wp\/v2\/media?parent=694"}],"curies":[{"name":"wp","href":"https:\/\/api.w.org\/{rel}","templated":true}]}}