{"id":74,"date":"2021-06-28T10:08:09","date_gmt":"2021-06-28T10:08:09","guid":{"rendered":"https:\/\/kontofortnite.pl\/?page_id=74"},"modified":"2024-12-11T20:16:47","modified_gmt":"2024-12-11T20:16:47","slug":"pytania","status":"publish","type":"page","link":"https:\/\/kontofortnite.pl\/en\/pytania\/","title":{"rendered":"FAQ"},"content":{"rendered":"<div data-elementor-type=\"wp-page\" data-elementor-id=\"74\" class=\"elementor elementor-74\" data-elementor-settings=\"[]\">\n\t\t\t\t\t\t\t<div class=\"elementor-section-wrap\">\n\t\t\t\t\t\t\t<section class=\"has_eae_slider elementor-section elementor-top-section elementor-element elementor-element-fe4da49 elementor-section-height-min-height elementor-section-boxed elementor-section-height-default elementor-section-items-middle elementor-invisible\" data-particle_enable=\"false\" data-particle-mobile-disabled=\"false\" data-id=\"fe4da49\" data-element_type=\"section\" data-settings=\"{&quot;background_background&quot;:&quot;classic&quot;,&quot;animation&quot;:&quot;slideInLeft&quot;,&quot;_ha_eqh_enable&quot;:false}\">\n\t\t\t\t\t\t<div class=\"elementor-container elementor-column-gap-default\">\n\t\t\t\t\t<div class=\"has_eae_slider elementor-column elementor-col-100 elementor-top-column elementor-element elementor-element-8977d7e\" data-id=\"8977d7e\" data-element_type=\"column\" data-settings=\"{&quot;background_background&quot;:&quot;classic&quot;}\">\n\t\t\t<div class=\"elementor-widget-wrap elementor-element-populated\">\n\t\t\t\t\t\t\t\t<div class=\"elementor-element elementor-element-bc43591 elementor-invisible elementor-widget elementor-widget-heading\" data-id=\"bc43591\" data-element_type=\"widget\" data-settings=\"{&quot;_animation&quot;:&quot;fadeInDown&quot;,&quot;_animation_delay&quot;:600}\" data-widget_type=\"heading.default\">\n\t\t\t\t<div class=\"elementor-widget-container\">\n\t\t\t<h2 class=\"elementor-heading-title elementor-size-default\">FAQ<\/h2>\t\t<\/div>\n\t\t\t\t<\/div>\n\t\t\t\t<div class=\"elementor-element elementor-element-89739c4 elementor-invisible elementor-widget elementor-widget-heading\" data-id=\"89739c4\" data-element_type=\"widget\" data-settings=\"{&quot;_animation&quot;:&quot;fadeInDown&quot;,&quot;_animation_delay&quot;:900}\" data-widget_type=\"heading.default\">\n\t\t\t\t<div class=\"elementor-widget-container\">\n\t\t\t<h2 class=\"elementor-heading-title elementor-size-default\">NAJCZ\u0118\u015aCIEJ ZADAWANE PYTANIA<\/h2>\t\t<\/div>\n\t\t\t\t<\/div>\n\t\t\t\t\t<\/div>\n\t\t<\/div>\n\t\t\t\t\t\t\t<\/div>\n\t\t<\/section>\n\t\t\t\t<section class=\"has_eae_slider elementor-section elementor-top-section elementor-element elementor-element-2629804 elementor-section-boxed elementor-section-height-default elementor-section-height-default elementor-invisible\" data-particle_enable=\"false\" data-particle-mobile-disabled=\"false\" data-id=\"2629804\" data-element_type=\"section\" data-settings=\"{&quot;animation&quot;:&quot;slideInUp&quot;,&quot;animation_delay&quot;:1200,&quot;_ha_eqh_enable&quot;:false}\">\n\t\t\t\t\t\t<div class=\"elementor-container elementor-column-gap-default\">\n\t\t\t\t\t<div class=\"has_eae_slider elementor-column elementor-col-100 elementor-top-column elementor-element elementor-element-dff381a\" data-id=\"dff381a\" data-element_type=\"column\">\n\t\t\t<div class=\"elementor-widget-wrap elementor-element-populated\">\n\t\t\t\t\t\t\t\t<div class=\"elementor-element elementor-element-ecec72e elementor-widget elementor-widget-wl-faq\" data-id=\"ecec72e\" data-element_type=\"widget\" data-widget_type=\"wl-faq.default\">\n\t\t\t\t<div class=\"elementor-widget-container\">\n\t\t\t                \n            <div class=\"htwoolentor-faq htmove-icon-pos-after\" id=\"htwoolentor-faq-ecec72e\" data-settings=\"{&quot;showitem&quot;:true}\" >\n                                            <div class=\"htwoolentor-faq-card\">\n                                <div class=\"htwoolentor-faq-head\"><span class=\"htwoolentor-faq-head-text\">Czy to jest legalne?<\/span> <span class=\"htwoolentor-faq-head-indicator\"><\/span><\/div>                                <div class=\"htwoolentor-faq-body\">\n                                    <div class=\"htwoolentor-faq-content\">\n                                    <p>Tak jest to w pe\u0142ni legalne. Konta posiadamy z legalnych zr\u00f3de\u0142.<\/p>                                    <\/div>\n                                <\/div>\n                            <\/div>\n                                                        <div class=\"htwoolentor-faq-card\">\n                                <div class=\"htwoolentor-faq-head\"><span class=\"htwoolentor-faq-head-text\">Czy to s\u0105 cracki?<\/span> <span class=\"htwoolentor-faq-head-indicator\"><\/span><\/div>                                <div class=\"htwoolentor-faq-body\">\n                                    <div class=\"htwoolentor-faq-content\">\n                                    <p>Nie konta nie s\u0105 crackowane. Konta pochodz\u0105 z wymian oraz ze sprzeda\u017cy.<\/p>                                    <\/div>\n                                <\/div>\n                            <\/div>\n                                                        <div class=\"htwoolentor-faq-card\">\n                                <div class=\"htwoolentor-faq-head\"><span class=\"htwoolentor-faq-head-text\">Jak szybko dostane konto po zakupie?<\/span> <span class=\"htwoolentor-faq-head-indicator\"><\/span><\/div>                                <div class=\"htwoolentor-faq-body\">\n                                    <div class=\"htwoolentor-faq-content\">\n                                    <p>Dane wysy\u0142aj\u0105 si\u0119 do 10 minut na e-mail podany przy zakupie. Czasem mo\u017ce to si\u0119 wyd\u0142u\u017cy\u0107.<\/p>                                    <\/div>\n                                <\/div>\n                            <\/div>\n                                                        <div class=\"htwoolentor-faq-card\">\n                                <div class=\"htwoolentor-faq-head\"><span class=\"htwoolentor-faq-head-text\">Kim jeste\u015bcie?<\/span> <span class=\"htwoolentor-faq-head-indicator\"><\/span><\/div>                                <div class=\"htwoolentor-faq-body\">\n                                    <div class=\"htwoolentor-faq-content\">\n                                    <p>Jeste\u015bmy sklepem zajmuj\u0105c\u0105 si\u0119 dostarczaniem sk\u00f3rek do gry Fortnite.<br \/>Wsp\u00f3\u0142pracujemy z wieloma plac\u00f3wkami organizuj\u0105cymi trunieje oraz eventy zwi\u0105zane z Fortnite.<\/p>                                    <\/div>\n                                <\/div>\n                            <\/div>\n                                                        <div class=\"htwoolentor-faq-card\">\n                                <div class=\"htwoolentor-faq-head\"><span class=\"htwoolentor-faq-head-text\">Jak si\u0119 z wami skontaktowa\u0107?<\/span> <span class=\"htwoolentor-faq-head-indicator\"><\/span><\/div>                                <div class=\"htwoolentor-faq-body\">\n                                    <div class=\"htwoolentor-faq-content\">\n                                    <p>Infolinia czynna Tel: 792-779-487 lub email: kontakt@kontofortnite.pl .<\/p>                                    <\/div>\n                                <\/div>\n                            <\/div>\n                                                        <div class=\"htwoolentor-faq-card\">\n                                <div class=\"htwoolentor-faq-head\"><span class=\"htwoolentor-faq-head-text\">Czym mo\u017cna p\u0142aci\u0107?<\/span> <span class=\"htwoolentor-faq-head-indicator\"><\/span><\/div>                                <div class=\"htwoolentor-faq-body\">\n                                    <div class=\"htwoolentor-faq-content\">\n                                    <p>Posiadamy wszystkie p\u0142atno\u015bci: Przelewy, Blik, PaySafecard.<br \/>P\u0142aci\u0107 mo\u017cna bezpo\u015brednio za pomoc\u0105 strony.<\/p>                                    <\/div>\n                                <\/div>\n                            <\/div>\n                                                        <div class=\"htwoolentor-faq-card\">\n                                <div class=\"htwoolentor-faq-head\"><span class=\"htwoolentor-faq-head-text\">Czy konto dzia\u0142a na konsoli lub komputerze?<\/span> <span class=\"htwoolentor-faq-head-indicator\"><\/span><\/div>                                <div class=\"htwoolentor-faq-body\">\n                                    <div class=\"htwoolentor-faq-content\">\n                                    <p>Tak konta dzia\u0142aj\u0105 na: playstation, xbox, komputer z windows, telefony, tablety oraz nintendo swith.<\/p>                                    <\/div>\n                                <\/div>\n                            <\/div>\n                                                        <div class=\"htwoolentor-faq-card\">\n                                <div class=\"htwoolentor-faq-head\"><span class=\"htwoolentor-faq-head-text\">Co zrobi\u0107 je\u015bli konto nie dzia\u0142a?<\/span> <span class=\"htwoolentor-faq-head-indicator\"><\/span><\/div>                                <div class=\"htwoolentor-faq-body\">\n                                    <div class=\"htwoolentor-faq-content\">\n                                    <p>Jest to nie mo\u017cliwe ale je\u015bli b\u0119d\u0105 mieli Pa\u0144stwo jakie\u015b pytanie lub problem zapraszamy do konaktu email: kontakt@kontofortnite.pl<\/p>                                    <\/div>\n                                <\/div>\n                            <\/div>\n                                                        <div class=\"htwoolentor-faq-card\">\n                                <div class=\"htwoolentor-faq-head\"><span class=\"htwoolentor-faq-head-text\">Czy mam gwarancj\u0119?<\/span> <span class=\"htwoolentor-faq-head-indicator\"><\/span><\/div>                                <div class=\"htwoolentor-faq-body\">\n                                    <div class=\"htwoolentor-faq-content\">\n                                    <p>Tak, maj\u0105 Pa\u0144stwo gwarancj\u0119 na zakup oraz pe\u0142ne wsparcie.<\/p>                                    <\/div>\n                                <\/div>\n                            <\/div>\n                                        <\/div>\n        \t\t<\/div>\n\t\t\t\t<\/div>\n\t\t\t\t\t<\/div>\n\t\t<\/div>\n\t\t\t\t\t\t\t<\/div>\n\t\t<\/section>\n\t\t\t\t\t\t<\/div>\n\t\t\t\t\t<\/div>","protected":false},"excerpt":{"rendered":"<p>FAQ NAJCZ\u0118\u015aCIEJ ZADAWANE PYTANIA Czy to jest legalne? Tak jest to w pe\u0142ni legalne. Konta posiadamy z legalnych zr\u00f3de\u0142. Czy to s\u0105 cracki? Nie konta nie s\u0105 crackowane. Konta pochodz\u0105 z wymian oraz ze sprzeda\u017cy. Jak szybko dostane konto po zakupie? Dane wysy\u0142aj\u0105 si\u0119 do 10 minut na e-mail podany przy zakupie. Czasem mo\u017ce to [&hellip;]<\/p>","protected":false},"author":1,"featured_media":0,"parent":0,"menu_order":0,"comment_status":"closed","ping_status":"closed","template":"elementor_header_footer","meta":[],"yoast_head":"<!-- This site is optimized with the Yoast SEO plugin v17.0 - https:\/\/yoast.com\/wordpress\/plugins\/seo\/ -->\n<title>Konta Fortnite<\/title>\n<meta name=\"description\" content=\"Najcz\u0119\u015bciej zadawane pytania. Konta Fortnite z email. Konta FA na w\u0142asno\u015b\u0107. Gwarantowane unikatowe skiny od 1 do 17 sezonu!\" \/>\n<meta name=\"robots\" content=\"index, follow, max-snippet:-1, max-image-preview:large, max-video-preview:-1\" \/>\n<link rel=\"canonical\" href=\"https:\/\/kontofortnite.pl\/en\/pytania\/\" \/>\n<meta property=\"og:locale\" content=\"en_US\" \/>\n<meta property=\"og:type\" content=\"article\" \/>\n<meta property=\"og:title\" content=\"Konta Fortnite\" \/>\n<meta property=\"og:description\" content=\"Najcz\u0119\u015bciej zadawane pytania. Konta Fortnite z email. Konta FA na w\u0142asno\u015b\u0107. Gwarantowane unikatowe skiny od 1 do 17 sezonu!\" \/>\n<meta property=\"og:url\" content=\"https:\/\/kontofortnite.pl\/en\/pytania\/\" \/>\n<meta property=\"og:site_name\" content=\"Konta Fortnite\" \/>\n<meta property=\"article:publisher\" content=\"https:\/\/www.facebook.com\/gaming\/KontoFortniteFanpage\" \/>\n<meta property=\"article:modified_time\" content=\"2024-12-11T20:16:47+00:00\" \/>\n<meta name=\"twitter:card\" content=\"summary_large_image\" \/>\n<meta name=\"twitter:label1\" content=\"Est. reading time\" \/>\n\t<meta name=\"twitter:data1\" content=\"1 minute\" \/>\n<script type=\"application\/ld+json\" class=\"yoast-schema-graph\">{\"@context\":\"https:\/\/schema.org\",\"@graph\":[{\"@type\":\"Organization\",\"@id\":\"https:\/\/kontofortnite.pl\/#organization\",\"name\":\"Konta Fortnite\",\"url\":\"https:\/\/kontofortnite.pl\/\",\"sameAs\":[\"https:\/\/www.facebook.com\/gaming\/KontoFortniteFanpage\",\"https:\/\/www.instagram.com\/kontofortnite.pl\/\"],\"logo\":{\"@type\":\"ImageObject\",\"@id\":\"https:\/\/kontofortnite.pl\/#logo\",\"inLanguage\":\"en-US\",\"url\":\"https:\/\/kontofortnite.pl\/wp-content\/uploads\/2021\/06\/wp4663672-1.jpg.png\",\"contentUrl\":\"https:\/\/kontofortnite.pl\/wp-content\/uploads\/2021\/06\/wp4663672-1.jpg.png\",\"width\":1600,\"height\":853,\"caption\":\"Konta Fortnite\"},\"image\":{\"@id\":\"https:\/\/kontofortnite.pl\/#logo\"}},{\"@type\":\"WebSite\",\"@id\":\"https:\/\/kontofortnite.pl\/#website\",\"url\":\"https:\/\/kontofortnite.pl\/\",\"name\":\"Konto Fortnite\",\"description\":\"Sklep z kontami Fortnite. Legitymowane konta od Epic Games.\",\"publisher\":{\"@id\":\"https:\/\/kontofortnite.pl\/#organization\"},\"potentialAction\":[{\"@type\":\"SearchAction\",\"target\":{\"@type\":\"EntryPoint\",\"urlTemplate\":\"https:\/\/kontofortnite.pl\/?s={search_term_string}\"},\"query-input\":\"required name=search_term_string\"}],\"inLanguage\":\"en-US\"},{\"@type\":\"WebPage\",\"@id\":\"https:\/\/kontofortnite.pl\/pytania\/#webpage\",\"url\":\"https:\/\/kontofortnite.pl\/pytania\/\",\"name\":\"Konta Fortnite\",\"isPartOf\":{\"@id\":\"https:\/\/kontofortnite.pl\/#website\"},\"datePublished\":\"2021-06-28T10:08:09+00:00\",\"dateModified\":\"2024-12-11T20:16:47+00:00\",\"description\":\"Najcz\\u0119\\u015bciej zadawane pytania. Konta Fortnite z email. Konta FA na w\\u0142asno\\u015b\\u0107. Gwarantowane unikatowe skiny od 1 do 17 sezonu!\",\"breadcrumb\":{\"@id\":\"https:\/\/kontofortnite.pl\/pytania\/#breadcrumb\"},\"inLanguage\":\"en-US\",\"potentialAction\":[{\"@type\":\"ReadAction\",\"target\":[\"https:\/\/kontofortnite.pl\/pytania\/\"]}]},{\"@type\":\"BreadcrumbList\",\"@id\":\"https:\/\/kontofortnite.pl\/pytania\/#breadcrumb\",\"itemListElement\":[{\"@type\":\"ListItem\",\"position\":1,\"name\":\"Strona g\\u0142\\u00f3wna\",\"item\":\"https:\/\/kontofortnite.pl\/\"},{\"@type\":\"ListItem\",\"position\":2,\"name\":\"FAQ\"}]}]}<\/script>\n<!-- \/ Yoast SEO plugin. -->","yoast_head_json":{"title":"Konta Fortnite","description":"Najcz\u0119\u015bciej zadawane pytania. Konta Fortnite z email. Konta FA na w\u0142asno\u015b\u0107. Gwarantowane unikatowe skiny od 1 do 17 sezonu!","robots":{"index":"index","follow":"follow","max-snippet":"max-snippet:-1","max-image-preview":"max-image-preview:large","max-video-preview":"max-video-preview:-1"},"canonical":"https:\/\/kontofortnite.pl\/en\/pytania\/","og_locale":"en_US","og_type":"article","og_title":"Konta Fortnite","og_description":"Najcz\u0119\u015bciej zadawane pytania. Konta Fortnite z email. Konta FA na w\u0142asno\u015b\u0107. Gwarantowane unikatowe skiny od 1 do 17 sezonu!","og_url":"https:\/\/kontofortnite.pl\/en\/pytania\/","og_site_name":"Konta Fortnite","article_publisher":"https:\/\/www.facebook.com\/gaming\/KontoFortniteFanpage","article_modified_time":"2024-12-11T20:16:47+00:00","twitter_card":"summary_large_image","twitter_misc":{"Est. reading time":"1 minute"},"schema":{"@context":"https:\/\/schema.org","@graph":[{"@type":"Organization","@id":"https:\/\/kontofortnite.pl\/#organization","name":"Konta Fortnite","url":"https:\/\/kontofortnite.pl\/","sameAs":["https:\/\/www.facebook.com\/gaming\/KontoFortniteFanpage","https:\/\/www.instagram.com\/kontofortnite.pl\/"],"logo":{"@type":"ImageObject","@id":"https:\/\/kontofortnite.pl\/#logo","inLanguage":"en-US","url":"https:\/\/kontofortnite.pl\/wp-content\/uploads\/2021\/06\/wp4663672-1.jpg.png","contentUrl":"https:\/\/kontofortnite.pl\/wp-content\/uploads\/2021\/06\/wp4663672-1.jpg.png","width":1600,"height":853,"caption":"Konta Fortnite"},"image":{"@id":"https:\/\/kontofortnite.pl\/#logo"}},{"@type":"WebSite","@id":"https:\/\/kontofortnite.pl\/#website","url":"https:\/\/kontofortnite.pl\/","name":"Konto Fortnite","description":"Sklep z kontami Fortnite. Legitymowane konta od Epic Games.","publisher":{"@id":"https:\/\/kontofortnite.pl\/#organization"},"potentialAction":[{"@type":"SearchAction","target":{"@type":"EntryPoint","urlTemplate":"https:\/\/kontofortnite.pl\/?s={search_term_string}"},"query-input":"required name=search_term_string"}],"inLanguage":"en-US"},{"@type":"WebPage","@id":"https:\/\/kontofortnite.pl\/pytania\/#webpage","url":"https:\/\/kontofortnite.pl\/pytania\/","name":"Konta Fortnite","isPartOf":{"@id":"https:\/\/kontofortnite.pl\/#website"},"datePublished":"2021-06-28T10:08:09+00:00","dateModified":"2024-12-11T20:16:47+00:00","description":"Najcz\u0119\u015bciej zadawane pytania. Konta Fortnite z email. Konta FA na w\u0142asno\u015b\u0107. Gwarantowane unikatowe skiny od 1 do 17 sezonu!","breadcrumb":{"@id":"https:\/\/kontofortnite.pl\/pytania\/#breadcrumb"},"inLanguage":"en-US","potentialAction":[{"@type":"ReadAction","target":["https:\/\/kontofortnite.pl\/pytania\/"]}]},{"@type":"BreadcrumbList","@id":"https:\/\/kontofortnite.pl\/pytania\/#breadcrumb","itemListElement":[{"@type":"ListItem","position":1,"name":"Strona g\u0142\u00f3wna","item":"https:\/\/kontofortnite.pl\/"},{"@type":"ListItem","position":2,"name":"FAQ"}]}]}},"_links":{"self":[{"href":"https:\/\/kontofortnite.pl\/en\/wp-json\/wp\/v2\/pages\/74"}],"collection":[{"href":"https:\/\/kontofortnite.pl\/en\/wp-json\/wp\/v2\/pages"}],"about":[{"href":"https:\/\/kontofortnite.pl\/en\/wp-json\/wp\/v2\/types\/page"}],"author":[{"embeddable":true,"href":"https:\/\/kontofortnite.pl\/en\/wp-json\/wp\/v2\/users\/1"}],"replies":[{"embeddable":true,"href":"https:\/\/kontofortnite.pl\/en\/wp-json\/wp\/v2\/comments?post=74"}],"version-history":[{"count":89,"href":"https:\/\/kontofortnite.pl\/en\/wp-json\/wp\/v2\/pages\/74\/revisions"}],"predecessor-version":[{"id":6432,"href":"https:\/\/kontofortnite.pl\/en\/wp-json\/wp\/v2\/pages\/74\/revisions\/6432"}],"wp:attachment":[{"href":"https:\/\/kontofortnite.pl\/en\/wp-json\/wp\/v2\/media?parent=74"}],"curies":[{"name":"wp","href":"https:\/\/api.w.org\/{rel}","templated":true}]}}