{"id":75,"date":"2021-06-28T10:08:17","date_gmt":"2021-06-28T10:08:17","guid":{"rendered":"https:\/\/kontofortnite.pl\/?page_id=75"},"modified":"2024-12-11T20:26:41","modified_gmt":"2024-12-11T20:26:41","slug":"kontakt","status":"publish","type":"page","link":"https:\/\/kontofortnite.pl\/en\/kontakt\/","title":{"rendered":"CONTACT"},"content":{"rendered":"<div data-elementor-type=\"wp-page\" data-elementor-id=\"75\" class=\"elementor elementor-75\" data-elementor-settings=\"[]\">\n\t\t\t\t\t\t\t<div class=\"elementor-section-wrap\">\n\t\t\t\t\t\t\t<section class=\"has_eae_slider elementor-section elementor-top-section elementor-element elementor-element-69f4fac elementor-section-height-min-height elementor-section-boxed elementor-section-height-default elementor-section-items-middle elementor-invisible\" data-particle_enable=\"false\" data-particle-mobile-disabled=\"false\" data-id=\"69f4fac\" data-element_type=\"section\" data-settings=\"{&quot;background_background&quot;:&quot;classic&quot;,&quot;animation&quot;:&quot;slideInLeft&quot;,&quot;_ha_eqh_enable&quot;:false}\">\n\t\t\t\t\t\t<div class=\"elementor-container elementor-column-gap-default\">\n\t\t\t\t\t<div class=\"has_eae_slider elementor-column elementor-col-100 elementor-top-column elementor-element elementor-element-0bbf990\" data-id=\"0bbf990\" data-element_type=\"column\">\n\t\t\t<div class=\"elementor-widget-wrap elementor-element-populated\">\n\t\t\t\t\t\t\t\t<div class=\"elementor-element elementor-element-99b51e4 elementor-invisible elementor-widget elementor-widget-heading\" data-id=\"99b51e4\" data-element_type=\"widget\" data-settings=\"{&quot;_animation&quot;:&quot;fadeInDown&quot;,&quot;_animation_delay&quot;:600}\" data-widget_type=\"heading.default\">\n\t\t\t\t<div class=\"elementor-widget-container\">\n\t\t\t<h2 class=\"elementor-heading-title elementor-size-default\">CONTACT\/COLLABORATION<\/h2>\t\t<\/div>\n\t\t\t\t<\/div>\n\t\t\t\t<div class=\"elementor-element elementor-element-7205609 elementor-invisible elementor-widget elementor-widget-heading\" data-id=\"7205609\" data-element_type=\"widget\" data-settings=\"{&quot;_animation&quot;:&quot;fadeInDown&quot;,&quot;_animation_delay&quot;:900}\" data-widget_type=\"heading.default\">\n\t\t\t\t<div class=\"elementor-widget-container\">\n\t\t\t<h2 class=\"elementor-heading-title elementor-size-default\">KONTAKT EMAIL: kontakt@kontofortnite.pl<br><b>DISCORD<\/b>: kontofortnite.pl<\/h2>\t\t<\/div>\n\t\t\t\t<\/div>\n\t\t\t\t\t<\/div>\n\t\t<\/div>\n\t\t\t\t\t\t\t<\/div>\n\t\t<\/section>\n\t\t\t\t<section class=\"has_eae_slider elementor-section elementor-top-section elementor-element elementor-element-b522ffb elementor-section-boxed elementor-section-height-default elementor-section-height-default\" data-particle_enable=\"false\" data-particle-mobile-disabled=\"false\" data-id=\"b522ffb\" data-element_type=\"section\" data-settings=\"{&quot;_ha_eqh_enable&quot;:false}\">\n\t\t\t\t\t\t<div class=\"elementor-container elementor-column-gap-default\">\n\t\t\t\t\t<div class=\"has_eae_slider elementor-column elementor-col-100 elementor-top-column elementor-element elementor-element-5c6eeb1\" data-id=\"5c6eeb1\" data-element_type=\"column\">\n\t\t\t<div class=\"elementor-widget-wrap elementor-element-populated\">\n\t\t\t\t\t\t\t\t<div class=\"elementor-element elementor-element-8125840 elementor-widget elementor-widget-contact-form-7\" data-id=\"8125840\" data-element_type=\"widget\" data-widget_type=\"contact-form-7.default\">\n\t\t\t\t<div class=\"elementor-widget-container\">\n\t\t\t<div class=\"elementor-contact-form-7 jet-elements\"><div role=\"form\" class=\"wpcf7\" id=\"wpcf7-f491-o1\" lang=\"en-US\" dir=\"ltr\">\n<div class=\"screen-reader-response\"><p role=\"status\" aria-live=\"polite\" aria-atomic=\"true\"><\/p> <ul><\/ul><\/div>\n<form action=\"\/en\/wp-json\/wp\/v2\/pages\/75#wpcf7-f491-o1\" method=\"post\" class=\"wpcf7-form init\" novalidate=\"novalidate\" data-status=\"init\" data-trp-original-action=\"\/en\/wp-json\/wp\/v2\/pages\/75#wpcf7-f491-o1\">\n<div style=\"display: none;\">\n<input type=\"hidden\" name=\"_wpcf7\" value=\"491\" \/>\n<input type=\"hidden\" name=\"_wpcf7_version\" value=\"5.4.2\" \/>\n<input type=\"hidden\" name=\"_wpcf7_locale\" value=\"en_US\" \/>\n<input type=\"hidden\" name=\"_wpcf7_unit_tag\" value=\"wpcf7-f491-o1\" \/>\n<input type=\"hidden\" name=\"_wpcf7_container_post\" value=\"0\" \/>\n<input type=\"hidden\" name=\"_wpcf7_posted_data_hash\" value=\"\" \/>\n<\/div>\n<p><label> NAME<br \/>\n<span class=\"wpcf7-form-control-wrap your-name\"><input type=\"text\" name=\"your-name\" value=\"\" size=\"40\" class=\"wpcf7-form-control wpcf7-text\" aria-invalid=\"false\" placeholder=\"NAME\" \/><\/span><\/p>\n<p><label> E-MAIL<br \/>\n<span class=\"wpcf7-form-control-wrap your-email\"><input type=\"email\" name=\"your-email\" value=\"\" size=\"40\" class=\"wpcf7-form-control wpcf7-text wpcf7-email wpcf7-validates-as-email\" aria-invalid=\"false\" placeholder=\"E-MAIL\" \/><\/span><\/p>\n<p><label> SUBJECT<br \/>\n<span class=\"wpcf7-form-control-wrap TWJTEMATWIADOMOCI\"><select name=\"TWJTEMATWIADOMOCI\" class=\"wpcf7-form-control wpcf7-select wpcf7-validates-as-required\" aria-required=\"true\" aria-invalid=\"false\"><option value=\"PROSZ\u0118 WYBRAC\">PLEASE CHOOSE<\/option><option value=\"WSP\u00d3\u0141PRACA\">COLLABORATION<\/option><option value=\"PYTANIE DOTYCZ\u0104CE KONTA\">ACCOUNT QUESTION<\/option><option value=\"POMOC W INSTALACJI ORAZ KONFIGURACJI KONTA\">HELP IN INSTALLATION AND ACCOUNT SETUP<\/option><option value=\"PYTANIE DOTYCZ\u0104CE ZAKUPU\">QUESTION ABOUT THE PURCHASE<\/option><\/select><\/span><\/p>\n<p><label> YOUR MESSAGE SUBJECT<br \/>\n<span class=\"wpcf7-form-control-wrap your-subject\"><input type=\"text\" name=\"your-subject\" value=\"\" size=\"40\" class=\"wpcf7-form-control wpcf7-text\" aria-invalid=\"false\" placeholder=\"SUBJECT\" \/><\/span>   <\/p>\n<p><label> MESSAGE<br \/>\n<span class=\"wpcf7-form-control-wrap your-message\"><input type=\"text\" name=\"your-message\" value=\"\" size=\"40\" class=\"wpcf7-form-control wpcf7-text\" aria-invalid=\"false\" placeholder=\"MESSAGE\" \/><\/span><\/p>\n<p><input type=\"submit\" value=\"SEND\" class=\"wpcf7-form-control wpcf7-submit\" \/><\/p>\n<div class=\"wpcf7-response-output\" aria-hidden=\"true\"><\/div><input type=\"hidden\" name=\"trp-form-language\" value=\"en\"\/><\/form><\/div><\/div>\t\t<\/div>\n\t\t\t\t<\/div>\n\t\t\t\t\t<\/div>\n\t\t<\/div>\n\t\t\t\t\t\t\t<\/div>\n\t\t<\/section>\n\t\t\t\t\t\t<\/div>\n\t\t\t\t\t<\/div>","protected":false},"excerpt":{"rendered":"<p>KONTAKT\/WSP\u00d3\u0141PRACA KONTAKT EMAIL: kontakt@kontofortnite.plDISCORD: kontofortnite.pl Twoje Imi\u0119 Tw\u00f3j E-MAIL TW\u00d3J TEMAT PROSZ\u0118 WYBRACWSP\u00d3\u0141PRACAPYTANIE DOTYCZ\u0104CE KONTAPOMOC W INSTALACJI ORAZ KONFIGURACJI KONTAPYTANIE DOTYCZ\u0104CE ZAKUPU TW\u00d3J TEMAT WIADOMO\u015aCI TWOJA WIADOMO\u015a\u0106<\/p>","protected":false},"author":1,"featured_media":0,"parent":0,"menu_order":0,"comment_status":"closed","ping_status":"closed","template":"elementor_header_footer","meta":[],"yoast_head":"<!-- This site is optimized with the Yoast SEO plugin v17.0 - https:\/\/yoast.com\/wordpress\/plugins\/seo\/ -->\n<title>KONTAKT &raquo; Konta Fortnite<\/title>\n<meta name=\"description\" content=\"Zadzwo\u0144 do nas 792 779 487 lub napisz na email kup@kontofortnite.pl Kontakt 24\/h wszystkie metody p\u0142atno\u015bci! Unikatowe skiny tylko u nas\" \/>\n<meta name=\"robots\" content=\"index, follow, max-snippet:-1, max-image-preview:large, max-video-preview:-1\" \/>\n<link rel=\"canonical\" href=\"https:\/\/kontofortnite.pl\/en\/kontakt\/\" \/>\n<meta property=\"og:locale\" content=\"en_US\" \/>\n<meta property=\"og:type\" content=\"article\" \/>\n<meta property=\"og:title\" content=\"KONTAKT &raquo; Konta Fortnite\" \/>\n<meta property=\"og:description\" content=\"Zadzwo\u0144 do nas 792 779 487 lub napisz na email kup@kontofortnite.pl Kontakt 24\/h wszystkie metody p\u0142atno\u015bci! Unikatowe skiny tylko u nas\" \/>\n<meta property=\"og:url\" content=\"https:\/\/kontofortnite.pl\/en\/kontakt\/\" \/>\n<meta property=\"og:site_name\" content=\"Konta Fortnite\" \/>\n<meta property=\"article:publisher\" content=\"https:\/\/www.facebook.com\/gaming\/KontoFortniteFanpage\" \/>\n<meta property=\"article:modified_time\" content=\"2024-12-11T20:26:41+00:00\" \/>\n<meta name=\"twitter:card\" content=\"summary_large_image\" \/>\n<meta name=\"twitter:label1\" content=\"Est. reading time\" \/>\n\t<meta name=\"twitter:data1\" content=\"1 minute\" \/>\n<script type=\"application\/ld+json\" class=\"yoast-schema-graph\">{\"@context\":\"https:\/\/schema.org\",\"@graph\":[{\"@type\":\"Organization\",\"@id\":\"https:\/\/kontofortnite.pl\/#organization\",\"name\":\"Konta Fortnite\",\"url\":\"https:\/\/kontofortnite.pl\/\",\"sameAs\":[\"https:\/\/www.facebook.com\/gaming\/KontoFortniteFanpage\",\"https:\/\/www.instagram.com\/kontofortnite.pl\/\"],\"logo\":{\"@type\":\"ImageObject\",\"@id\":\"https:\/\/kontofortnite.pl\/#logo\",\"inLanguage\":\"en-US\",\"url\":\"https:\/\/kontofortnite.pl\/wp-content\/uploads\/2021\/06\/wp4663672-1.jpg.png\",\"contentUrl\":\"https:\/\/kontofortnite.pl\/wp-content\/uploads\/2021\/06\/wp4663672-1.jpg.png\",\"width\":1600,\"height\":853,\"caption\":\"Konta Fortnite\"},\"image\":{\"@id\":\"https:\/\/kontofortnite.pl\/#logo\"}},{\"@type\":\"WebSite\",\"@id\":\"https:\/\/kontofortnite.pl\/#website\",\"url\":\"https:\/\/kontofortnite.pl\/\",\"name\":\"Konto Fortnite\",\"description\":\"Sklep z kontami Fortnite. Legitymowane konta od Epic Games.\",\"publisher\":{\"@id\":\"https:\/\/kontofortnite.pl\/#organization\"},\"potentialAction\":[{\"@type\":\"SearchAction\",\"target\":{\"@type\":\"EntryPoint\",\"urlTemplate\":\"https:\/\/kontofortnite.pl\/?s={search_term_string}\"},\"query-input\":\"required name=search_term_string\"}],\"inLanguage\":\"en-US\"},{\"@type\":\"WebPage\",\"@id\":\"https:\/\/kontofortnite.pl\/kontakt\/#webpage\",\"url\":\"https:\/\/kontofortnite.pl\/kontakt\/\",\"name\":\"KONTAKT &raquo; Konta Fortnite\",\"isPartOf\":{\"@id\":\"https:\/\/kontofortnite.pl\/#website\"},\"datePublished\":\"2021-06-28T10:08:17+00:00\",\"dateModified\":\"2024-12-11T20:26:41+00:00\",\"description\":\"Zadzwo\\u0144 do nas 792 779 487 lub napisz na email kup@kontofortnite.pl Kontakt 24\/h wszystkie metody p\\u0142atno\\u015bci! Unikatowe skiny tylko u nas\",\"breadcrumb\":{\"@id\":\"https:\/\/kontofortnite.pl\/kontakt\/#breadcrumb\"},\"inLanguage\":\"en-US\",\"potentialAction\":[{\"@type\":\"ReadAction\",\"target\":[\"https:\/\/kontofortnite.pl\/kontakt\/\"]}]},{\"@type\":\"BreadcrumbList\",\"@id\":\"https:\/\/kontofortnite.pl\/kontakt\/#breadcrumb\",\"itemListElement\":[{\"@type\":\"ListItem\",\"position\":1,\"name\":\"Strona g\\u0142\\u00f3wna\",\"item\":\"https:\/\/kontofortnite.pl\/\"},{\"@type\":\"ListItem\",\"position\":2,\"name\":\"KONTAKT\"}]}]}<\/script>\n<!-- \/ Yoast SEO plugin. -->","yoast_head_json":{"title":"KONTAKT &raquo; Konta Fortnite","description":"Zadzwo\u0144 do nas 792 779 487 lub napisz na email kup@kontofortnite.pl Kontakt 24\/h wszystkie metody p\u0142atno\u015bci! Unikatowe skiny tylko u nas","robots":{"index":"index","follow":"follow","max-snippet":"max-snippet:-1","max-image-preview":"max-image-preview:large","max-video-preview":"max-video-preview:-1"},"canonical":"https:\/\/kontofortnite.pl\/en\/kontakt\/","og_locale":"en_US","og_type":"article","og_title":"KONTAKT &raquo; Konta Fortnite","og_description":"Zadzwo\u0144 do nas 792 779 487 lub napisz na email kup@kontofortnite.pl Kontakt 24\/h wszystkie metody p\u0142atno\u015bci! Unikatowe skiny tylko u nas","og_url":"https:\/\/kontofortnite.pl\/en\/kontakt\/","og_site_name":"Konta Fortnite","article_publisher":"https:\/\/www.facebook.com\/gaming\/KontoFortniteFanpage","article_modified_time":"2024-12-11T20:26:41+00:00","twitter_card":"summary_large_image","twitter_misc":{"Est. reading time":"1 minute"},"schema":{"@context":"https:\/\/schema.org","@graph":[{"@type":"Organization","@id":"https:\/\/kontofortnite.pl\/#organization","name":"Konta Fortnite","url":"https:\/\/kontofortnite.pl\/","sameAs":["https:\/\/www.facebook.com\/gaming\/KontoFortniteFanpage","https:\/\/www.instagram.com\/kontofortnite.pl\/"],"logo":{"@type":"ImageObject","@id":"https:\/\/kontofortnite.pl\/#logo","inLanguage":"en-US","url":"https:\/\/kontofortnite.pl\/wp-content\/uploads\/2021\/06\/wp4663672-1.jpg.png","contentUrl":"https:\/\/kontofortnite.pl\/wp-content\/uploads\/2021\/06\/wp4663672-1.jpg.png","width":1600,"height":853,"caption":"Konta Fortnite"},"image":{"@id":"https:\/\/kontofortnite.pl\/#logo"}},{"@type":"WebSite","@id":"https:\/\/kontofortnite.pl\/#website","url":"https:\/\/kontofortnite.pl\/","name":"Konto Fortnite","description":"Sklep z kontami Fortnite. Legitymowane konta od Epic Games.","publisher":{"@id":"https:\/\/kontofortnite.pl\/#organization"},"potentialAction":[{"@type":"SearchAction","target":{"@type":"EntryPoint","urlTemplate":"https:\/\/kontofortnite.pl\/?s={search_term_string}"},"query-input":"required name=search_term_string"}],"inLanguage":"en-US"},{"@type":"WebPage","@id":"https:\/\/kontofortnite.pl\/kontakt\/#webpage","url":"https:\/\/kontofortnite.pl\/kontakt\/","name":"KONTAKT &raquo; Konta Fortnite","isPartOf":{"@id":"https:\/\/kontofortnite.pl\/#website"},"datePublished":"2021-06-28T10:08:17+00:00","dateModified":"2024-12-11T20:26:41+00:00","description":"Zadzwo\u0144 do nas 792 779 487 lub napisz na email kup@kontofortnite.pl Kontakt 24\/h wszystkie metody p\u0142atno\u015bci! Unikatowe skiny tylko u nas","breadcrumb":{"@id":"https:\/\/kontofortnite.pl\/kontakt\/#breadcrumb"},"inLanguage":"en-US","potentialAction":[{"@type":"ReadAction","target":["https:\/\/kontofortnite.pl\/kontakt\/"]}]},{"@type":"BreadcrumbList","@id":"https:\/\/kontofortnite.pl\/kontakt\/#breadcrumb","itemListElement":[{"@type":"ListItem","position":1,"name":"Strona g\u0142\u00f3wna","item":"https:\/\/kontofortnite.pl\/"},{"@type":"ListItem","position":2,"name":"KONTAKT"}]}]}},"_links":{"self":[{"href":"https:\/\/kontofortnite.pl\/en\/wp-json\/wp\/v2\/pages\/75"}],"collection":[{"href":"https:\/\/kontofortnite.pl\/en\/wp-json\/wp\/v2\/pages"}],"about":[{"href":"https:\/\/kontofortnite.pl\/en\/wp-json\/wp\/v2\/types\/page"}],"author":[{"embeddable":true,"href":"https:\/\/kontofortnite.pl\/en\/wp-json\/wp\/v2\/users\/1"}],"replies":[{"embeddable":true,"href":"https:\/\/kontofortnite.pl\/en\/wp-json\/wp\/v2\/comments?post=75"}],"version-history":[{"count":95,"href":"https:\/\/kontofortnite.pl\/en\/wp-json\/wp\/v2\/pages\/75\/revisions"}],"predecessor-version":[{"id":6442,"href":"https:\/\/kontofortnite.pl\/en\/wp-json\/wp\/v2\/pages\/75\/revisions\/6442"}],"wp:attachment":[{"href":"https:\/\/kontofortnite.pl\/en\/wp-json\/wp\/v2\/media?parent=75"}],"curies":[{"name":"wp","href":"https:\/\/api.w.org\/{rel}","templated":true}]}}