{"id":1016,"date":"2021-06-30T07:31:52","date_gmt":"2021-06-30T07:31:52","guid":{"rendered":"https:\/\/kontofortnite.pl\/?post_type=product&#038;p=1016"},"modified":"2025-03-17T13:01:10","modified_gmt":"2025-03-17T13:01:10","slug":"konto-e-mail-900","status":"publish","type":"product","link":"https:\/\/kontofortnite.pl\/en\/product\/konto-e-mail-900\/","title":{"rendered":"KONTO FORTNITE OD 1 SEZON FA PS4 PC XBOX RENEGADE RAIDER"},"content":{"rendered":"<p><b>Po zakupie:<\/b><\/p>\n<ul>\n<li><b>There are legendary, epic and unique skins. From season 1!<\/b><\/li>\n<li>The game works on:\u00a0<b>PC, PS, PHONES, TABLETS and NINTENDO SWITCH!<\/b><\/li>\n<li>The game is in the English language version<\/li>\n<li>It has no <strong>no locks<\/strong><\/li>\n<li>You get a account from photo with unique skins - <strong>100% guaranteed\u00a0<\/strong><\/li>\n<li><b>You can change the nickname<\/b><\/li>\n<li><strong>THESE ARE NOT CRACKS.<\/strong><\/li>\n<li>Ability to <strong>exchange<\/strong> <strong>skins<\/strong> for others.<\/li>\n<\/ul>\n<p>&nbsp;<\/p>\n<p><b>Dodatkowo:<\/b><\/p>\n<ul>\n<li>Instrukcj\u0119 na komputer i konsole.<\/li>\n<li><b>Pe\u0142ne wsparcie od nas po zakupie dla Pa\u0144stwa w razie potrzeby pomocy w instalacji gry<\/b><\/li>\n<\/ul>","protected":false},"excerpt":{"rendered":"<p>Po zakupie: Znajduj\u0105 si\u0119 skiny legendarne, epickie oraz unikatowe. Od 1 sezonu! Gra dzia\u0142a na:\u00a0PC, PS, TELEFONY, TABLETY oraz NINTENDO SWITCH! Gra jest w\u00a0Polskiej\u00a0wersji j\u0119zykowej Nie posiada \u017cadnych blokad! Dostajesz konto ze zdj\u0119\u0107 z unikatowymi sk\u00f3rkami &#8211; 100% gwarancji\u00a0 Mo\u017cna zmieni\u0107 nazw\u0119 NIE S\u0104 TO CRACKI. Mo\u017cliwo\u015b\u0107 wymiany sk\u00f3rek na inne. &nbsp; Dodatkowo: Instrukcj\u0119 na [&hellip;]<\/p>","protected":false},"featured_media":6812,"template":"","meta":[],"product_cat":[23],"product_tag":[],"yoast_head":"<!-- This site is optimized with the Yoast SEO plugin v17.0 - https:\/\/yoast.com\/wordpress\/plugins\/seo\/ -->\n<title>KONTO FORTNITE OD 1 SEZON FA PS4 PC XBOX RENEGADE RAIDER &raquo; Konta Fortnite<\/title>\n<meta name=\"description\" content=\"KONTO FORTNITE OD 1 SEZONU EMAIL FA! PS4 PC XBOX z RENEGADE RAIDER. BLACK KNIGHT OG SKULL OG GHOUL R\u015a BETA!\" \/>\n<meta name=\"robots\" content=\"index, follow, max-snippet:-1, max-image-preview:large, max-video-preview:-1\" \/>\n<link rel=\"canonical\" href=\"https:\/\/kontofortnite.pl\/en\/product\/konto-e-mail-900\/\" \/>\n<meta property=\"og:locale\" content=\"en_US\" \/>\n<meta property=\"og:type\" content=\"article\" \/>\n<meta property=\"og:title\" content=\"KONTO FORTNITE OD 1 SEZON FA PS4 PC XBOX RENEGADE RAIDER &raquo; Konta Fortnite\" \/>\n<meta property=\"og:description\" content=\"KONTO FORTNITE OD 1 SEZONU EMAIL FA! PS4 PC XBOX z RENEGADE RAIDER. BLACK KNIGHT OG SKULL OG GHOUL R\u015a BETA!\" \/>\n<meta property=\"og:url\" content=\"https:\/\/kontofortnite.pl\/en\/product\/konto-e-mail-900\/\" \/>\n<meta property=\"og:site_name\" content=\"Konta Fortnite\" \/>\n<meta property=\"article:publisher\" content=\"https:\/\/www.facebook.com\/gaming\/KontoFortniteFanpage\" \/>\n<meta property=\"article:modified_time\" content=\"2025-03-17T13:01:10+00:00\" \/>\n<meta property=\"og:image\" content=\"https:\/\/kontofortnite.pl\/wp-content\/uploads\/2025\/03\/1-2.jpg\" \/>\n\t<meta property=\"og:image:width\" content=\"1582\" \/>\n\t<meta property=\"og:image:height\" content=\"1600\" \/>\n<meta name=\"twitter:card\" content=\"summary_large_image\" \/>\n<script type=\"application\/ld+json\" class=\"yoast-schema-graph\">{\"@context\":\"https:\/\/schema.org\",\"@graph\":[{\"@type\":\"Organization\",\"@id\":\"https:\/\/kontofortnite.pl\/#organization\",\"name\":\"Konta Fortnite\",\"url\":\"https:\/\/kontofortnite.pl\/\",\"sameAs\":[\"https:\/\/www.facebook.com\/gaming\/KontoFortniteFanpage\",\"https:\/\/www.instagram.com\/kontofortnite.pl\/\"],\"logo\":{\"@type\":\"ImageObject\",\"@id\":\"https:\/\/kontofortnite.pl\/#logo\",\"inLanguage\":\"en-US\",\"url\":\"https:\/\/kontofortnite.pl\/wp-content\/uploads\/2021\/06\/wp4663672-1.jpg.png\",\"contentUrl\":\"https:\/\/kontofortnite.pl\/wp-content\/uploads\/2021\/06\/wp4663672-1.jpg.png\",\"width\":1600,\"height\":853,\"caption\":\"Konta Fortnite\"},\"image\":{\"@id\":\"https:\/\/kontofortnite.pl\/#logo\"}},{\"@type\":\"WebSite\",\"@id\":\"https:\/\/kontofortnite.pl\/#website\",\"url\":\"https:\/\/kontofortnite.pl\/\",\"name\":\"Konto Fortnite\",\"description\":\"Sklep z kontami Fortnite. Legitymowane konta od Epic Games.\",\"publisher\":{\"@id\":\"https:\/\/kontofortnite.pl\/#organization\"},\"potentialAction\":[{\"@type\":\"SearchAction\",\"target\":{\"@type\":\"EntryPoint\",\"urlTemplate\":\"https:\/\/kontofortnite.pl\/?s={search_term_string}\"},\"query-input\":\"required name=search_term_string\"}],\"inLanguage\":\"en-US\"},{\"@type\":\"ImageObject\",\"@id\":\"https:\/\/kontofortnite.pl\/produkt\/konto-e-mail-900\/#primaryimage\",\"inLanguage\":\"en-US\",\"url\":\"https:\/\/kontofortnite.pl\/wp-content\/uploads\/2025\/03\/1-2.jpg\",\"contentUrl\":\"https:\/\/kontofortnite.pl\/wp-content\/uploads\/2025\/03\/1-2.jpg\",\"width\":1582,\"height\":1600},{\"@type\":\"WebPage\",\"@id\":\"https:\/\/kontofortnite.pl\/produkt\/konto-e-mail-900\/#webpage\",\"url\":\"https:\/\/kontofortnite.pl\/produkt\/konto-e-mail-900\/\",\"name\":\"KONTO FORTNITE OD 1 SEZON FA PS4 PC XBOX RENEGADE RAIDER &raquo; Konta Fortnite\",\"isPartOf\":{\"@id\":\"https:\/\/kontofortnite.pl\/#website\"},\"primaryImageOfPage\":{\"@id\":\"https:\/\/kontofortnite.pl\/produkt\/konto-e-mail-900\/#primaryimage\"},\"datePublished\":\"2021-06-30T07:31:52+00:00\",\"dateModified\":\"2025-03-17T13:01:10+00:00\",\"description\":\"KONTO FORTNITE OD 1 SEZONU EMAIL FA! PS4 PC XBOX z RENEGADE RAIDER. BLACK KNIGHT OG SKULL OG GHOUL R\\u015a BETA!\",\"breadcrumb\":{\"@id\":\"https:\/\/kontofortnite.pl\/produkt\/konto-e-mail-900\/#breadcrumb\"},\"inLanguage\":\"en-US\",\"potentialAction\":[{\"@type\":\"ReadAction\",\"target\":[\"https:\/\/kontofortnite.pl\/produkt\/konto-e-mail-900\/\"]}]},{\"@type\":\"BreadcrumbList\",\"@id\":\"https:\/\/kontofortnite.pl\/produkt\/konto-e-mail-900\/#breadcrumb\",\"itemListElement\":[{\"@type\":\"ListItem\",\"position\":1,\"name\":\"Strona g\\u0142\\u00f3wna\",\"item\":\"https:\/\/kontofortnite.pl\/\"},{\"@type\":\"ListItem\",\"position\":2,\"name\":\"Sklep\",\"item\":\"https:\/\/kontofortnite.pl\/sklep\/\"},{\"@type\":\"ListItem\",\"position\":3,\"name\":\"KONTO FORTNITE OD 1 SEZON FA PS4 PC XBOX RENEGADE RAIDER\"}]}]}<\/script>\n<!-- \/ Yoast SEO plugin. -->","yoast_head_json":{"title":"KONTO FORTNITE OD 1 SEZON FA PS4 PC XBOX RENEGADE RAIDER &raquo; Konta Fortnite","description":"KONTO FORTNITE OD 1 SEZONU EMAIL FA! PS4 PC XBOX z RENEGADE RAIDER. BLACK KNIGHT OG SKULL OG GHOUL R\u015a BETA!","robots":{"index":"index","follow":"follow","max-snippet":"max-snippet:-1","max-image-preview":"max-image-preview:large","max-video-preview":"max-video-preview:-1"},"canonical":"https:\/\/kontofortnite.pl\/en\/product\/konto-e-mail-900\/","og_locale":"en_US","og_type":"article","og_title":"KONTO FORTNITE OD 1 SEZON FA PS4 PC XBOX RENEGADE RAIDER &raquo; Konta Fortnite","og_description":"KONTO FORTNITE OD 1 SEZONU EMAIL FA! PS4 PC XBOX z RENEGADE RAIDER. BLACK KNIGHT OG SKULL OG GHOUL R\u015a BETA!","og_url":"https:\/\/kontofortnite.pl\/en\/product\/konto-e-mail-900\/","og_site_name":"Konta Fortnite","article_publisher":"https:\/\/www.facebook.com\/gaming\/KontoFortniteFanpage","article_modified_time":"2025-03-17T13:01:10+00:00","og_image":[{"width":1582,"height":1600,"url":"https:\/\/kontofortnite.pl\/wp-content\/uploads\/2025\/03\/1-2.jpg","path":"\/home\/platne\/serwer100769\/public_html\/kontofortnite\/wp-content\/uploads\/2025\/03\/1-2.jpg","size":"full","id":6812,"alt":"","pixels":2531200,"type":"image\/jpeg"}],"twitter_card":"summary_large_image","schema":{"@context":"https:\/\/schema.org","@graph":[{"@type":"Organization","@id":"https:\/\/kontofortnite.pl\/#organization","name":"Konta Fortnite","url":"https:\/\/kontofortnite.pl\/","sameAs":["https:\/\/www.facebook.com\/gaming\/KontoFortniteFanpage","https:\/\/www.instagram.com\/kontofortnite.pl\/"],"logo":{"@type":"ImageObject","@id":"https:\/\/kontofortnite.pl\/#logo","inLanguage":"en-US","url":"https:\/\/kontofortnite.pl\/wp-content\/uploads\/2021\/06\/wp4663672-1.jpg.png","contentUrl":"https:\/\/kontofortnite.pl\/wp-content\/uploads\/2021\/06\/wp4663672-1.jpg.png","width":1600,"height":853,"caption":"Konta Fortnite"},"image":{"@id":"https:\/\/kontofortnite.pl\/#logo"}},{"@type":"WebSite","@id":"https:\/\/kontofortnite.pl\/#website","url":"https:\/\/kontofortnite.pl\/","name":"Konto Fortnite","description":"Sklep z kontami Fortnite. Legitymowane konta od Epic Games.","publisher":{"@id":"https:\/\/kontofortnite.pl\/#organization"},"potentialAction":[{"@type":"SearchAction","target":{"@type":"EntryPoint","urlTemplate":"https:\/\/kontofortnite.pl\/?s={search_term_string}"},"query-input":"required name=search_term_string"}],"inLanguage":"en-US"},{"@type":"ImageObject","@id":"https:\/\/kontofortnite.pl\/produkt\/konto-e-mail-900\/#primaryimage","inLanguage":"en-US","url":"https:\/\/kontofortnite.pl\/wp-content\/uploads\/2025\/03\/1-2.jpg","contentUrl":"https:\/\/kontofortnite.pl\/wp-content\/uploads\/2025\/03\/1-2.jpg","width":1582,"height":1600},{"@type":"WebPage","@id":"https:\/\/kontofortnite.pl\/produkt\/konto-e-mail-900\/#webpage","url":"https:\/\/kontofortnite.pl\/produkt\/konto-e-mail-900\/","name":"KONTO FORTNITE OD 1 SEZON FA PS4 PC XBOX RENEGADE RAIDER &raquo; Konta Fortnite","isPartOf":{"@id":"https:\/\/kontofortnite.pl\/#website"},"primaryImageOfPage":{"@id":"https:\/\/kontofortnite.pl\/produkt\/konto-e-mail-900\/#primaryimage"},"datePublished":"2021-06-30T07:31:52+00:00","dateModified":"2025-03-17T13:01:10+00:00","description":"KONTO FORTNITE OD 1 SEZONU EMAIL FA! PS4 PC XBOX z RENEGADE RAIDER. BLACK KNIGHT OG SKULL OG GHOUL R\u015a BETA!","breadcrumb":{"@id":"https:\/\/kontofortnite.pl\/produkt\/konto-e-mail-900\/#breadcrumb"},"inLanguage":"en-US","potentialAction":[{"@type":"ReadAction","target":["https:\/\/kontofortnite.pl\/produkt\/konto-e-mail-900\/"]}]},{"@type":"BreadcrumbList","@id":"https:\/\/kontofortnite.pl\/produkt\/konto-e-mail-900\/#breadcrumb","itemListElement":[{"@type":"ListItem","position":1,"name":"Strona g\u0142\u00f3wna","item":"https:\/\/kontofortnite.pl\/"},{"@type":"ListItem","position":2,"name":"Sklep","item":"https:\/\/kontofortnite.pl\/sklep\/"},{"@type":"ListItem","position":3,"name":"KONTO FORTNITE OD 1 SEZON FA PS4 PC XBOX RENEGADE RAIDER"}]}]}},"_links":{"self":[{"href":"https:\/\/kontofortnite.pl\/en\/wp-json\/wp\/v2\/product\/1016"}],"collection":[{"href":"https:\/\/kontofortnite.pl\/en\/wp-json\/wp\/v2\/product"}],"about":[{"href":"https:\/\/kontofortnite.pl\/en\/wp-json\/wp\/v2\/types\/product"}],"wp:featuredmedia":[{"embeddable":true,"href":"https:\/\/kontofortnite.pl\/en\/wp-json\/wp\/v2\/media\/6812"}],"wp:attachment":[{"href":"https:\/\/kontofortnite.pl\/en\/wp-json\/wp\/v2\/media?parent=1016"}],"wp:term":[{"taxonomy":"product_cat","embeddable":true,"href":"https:\/\/kontofortnite.pl\/en\/wp-json\/wp\/v2\/product_cat?post=1016"},{"taxonomy":"product_tag","embeddable":true,"href":"https:\/\/kontofortnite.pl\/en\/wp-json\/wp\/v2\/product_tag?post=1016"}],"curies":[{"name":"wp","href":"https:\/\/api.w.org\/{rel}","templated":true}]}}