{"id":1091,"date":"2021-06-30T08:56:14","date_gmt":"2021-06-30T08:56:14","guid":{"rendered":"https:\/\/kontofortnite.pl\/?post_type=product&#038;p=1091"},"modified":"2025-03-17T16:57:47","modified_gmt":"2025-03-17T16:57:47","slug":"gwarantowane-konto-1-100","status":"publish","type":"product","link":"https:\/\/kontofortnite.pl\/en\/product\/gwarantowane-konto-1-100\/","title":{"rendered":"FORTNITE KONTO GWARANTOWANY BLACK KNIGHT SEZON 2"},"content":{"rendered":"<p><b>Po zakupie:<\/b><\/p>\n<ul>\n<li><b>Znajduj\u0105 si\u0119 skiny ze zdj\u0119\u0107!!!<\/b><\/li>\n<li>The game works on:\u00a0<b>PC, PS, PHONES, TABLETS and NINTENDO SWITCH!<\/b><\/li>\n<li>The game is in the English language version<\/li>\n<li>Nie posiada \u017cadnych blokad!<\/li>\n<li><b>Ka\u017cdy kupuj\u0105cy dostaje SUPER SK\u00d3RKI!<\/b><\/li>\n<li><b>You can change the nickname<\/b><\/li>\n<li>THESE ARE NOT CRACKS.<\/li>\n<li>Mo\u017cliwo\u015b\u0107 wymiany sk\u00f3rek na inne.<\/li>\n<li>S\u0105 to legitymowane sk\u00f3rki.<\/li>\n<\/ul>\n<p><b>Dodatkowo:<\/b><\/p>\n<ul>\n<li>Instrukcj\u0119 na komputer i konsole.<\/li>\n<li><b>Pe\u0142ne wsparcie od nas po zakupie dla Pa\u0144stwa w razie potrzeby pomocy w instalacji gry<\/b><\/li>\n<\/ul>","protected":false},"excerpt":{"rendered":"<p>Po zakupie: Znajduj\u0105 si\u0119 skiny ze zdj\u0119\u0107!!! Gra dzia\u0142a na:\u00a0PC, PS, TELEFONY, TABLETY oraz NINTENDO SWITCH! Gra jest w\u00a0Polskiej\u00a0wersji j\u0119zykowej Nie posiada \u017cadnych blokad! Ka\u017cdy kupuj\u0105cy dostaje SUPER SK\u00d3RKI! Mo\u017cna zmieni\u0107 nazw\u0119 NIE S\u0104 TO CRACKI. Mo\u017cliwo\u015b\u0107 wymiany sk\u00f3rek na inne. S\u0105 to legitymowane sk\u00f3rki. Dodatkowo: Instrukcj\u0119 na komputer i konsole. Pe\u0142ne wsparcie od nas [&hellip;]<\/p>","protected":false},"featured_media":6908,"template":"","meta":[],"product_cat":[24],"product_tag":[],"yoast_head":"<!-- This site is optimized with the Yoast SEO plugin v17.0 - https:\/\/yoast.com\/wordpress\/plugins\/seo\/ -->\n<title>FORTNITE KONTO GWARANTOWANY BLACK KNIGHT SEZON 2 &raquo; Konta Fortnite<\/title>\n<meta name=\"description\" content=\"Konto od 2 sezonu z czarnym rycerzem i wieloma innym og skinami vdolce i ratowanie \u015bwiata w cenie od bety! ps4 xbox pc!\" \/>\n<meta name=\"robots\" content=\"index, follow, max-snippet:-1, max-image-preview:large, max-video-preview:-1\" \/>\n<link rel=\"canonical\" href=\"https:\/\/kontofortnite.pl\/en\/product\/gwarantowane-konto-1-100\/\" \/>\n<meta property=\"og:locale\" content=\"en_US\" \/>\n<meta property=\"og:type\" content=\"article\" \/>\n<meta property=\"og:title\" content=\"FORTNITE KONTO GWARANTOWANY BLACK KNIGHT SEZON 2 &raquo; Konta Fortnite\" \/>\n<meta property=\"og:description\" content=\"Konto od 2 sezonu z czarnym rycerzem i wieloma innym og skinami vdolce i ratowanie \u015bwiata w cenie od bety! ps4 xbox pc!\" \/>\n<meta property=\"og:url\" content=\"https:\/\/kontofortnite.pl\/en\/product\/gwarantowane-konto-1-100\/\" \/>\n<meta property=\"og:site_name\" content=\"Konta Fortnite\" \/>\n<meta property=\"article:publisher\" content=\"https:\/\/www.facebook.com\/gaming\/KontoFortniteFanpage\" \/>\n<meta property=\"article:modified_time\" content=\"2025-03-17T16:57:47+00:00\" \/>\n<meta property=\"og:image\" content=\"https:\/\/kontofortnite.pl\/wp-content\/uploads\/2021\/06\/1-8.png\" \/>\n\t<meta property=\"og:image:width\" content=\"721\" \/>\n\t<meta property=\"og:image:height\" content=\"689\" \/>\n<meta name=\"twitter:card\" content=\"summary_large_image\" \/>\n<meta name=\"twitter:label1\" content=\"Est. reading time\" \/>\n\t<meta name=\"twitter:data1\" content=\"1 minute\" \/>\n<script type=\"application\/ld+json\" class=\"yoast-schema-graph\">{\"@context\":\"https:\/\/schema.org\",\"@graph\":[{\"@type\":\"Organization\",\"@id\":\"https:\/\/kontofortnite.pl\/#organization\",\"name\":\"Konta Fortnite\",\"url\":\"https:\/\/kontofortnite.pl\/\",\"sameAs\":[\"https:\/\/www.facebook.com\/gaming\/KontoFortniteFanpage\",\"https:\/\/www.instagram.com\/kontofortnite.pl\/\"],\"logo\":{\"@type\":\"ImageObject\",\"@id\":\"https:\/\/kontofortnite.pl\/#logo\",\"inLanguage\":\"en-US\",\"url\":\"https:\/\/kontofortnite.pl\/wp-content\/uploads\/2021\/06\/wp4663672-1.jpg.png\",\"contentUrl\":\"https:\/\/kontofortnite.pl\/wp-content\/uploads\/2021\/06\/wp4663672-1.jpg.png\",\"width\":1600,\"height\":853,\"caption\":\"Konta Fortnite\"},\"image\":{\"@id\":\"https:\/\/kontofortnite.pl\/#logo\"}},{\"@type\":\"WebSite\",\"@id\":\"https:\/\/kontofortnite.pl\/#website\",\"url\":\"https:\/\/kontofortnite.pl\/\",\"name\":\"Konto Fortnite\",\"description\":\"Sklep z kontami Fortnite. Legitymowane konta od Epic Games.\",\"publisher\":{\"@id\":\"https:\/\/kontofortnite.pl\/#organization\"},\"potentialAction\":[{\"@type\":\"SearchAction\",\"target\":{\"@type\":\"EntryPoint\",\"urlTemplate\":\"https:\/\/kontofortnite.pl\/?s={search_term_string}\"},\"query-input\":\"required name=search_term_string\"}],\"inLanguage\":\"en-US\"},{\"@type\":\"ImageObject\",\"@id\":\"https:\/\/kontofortnite.pl\/produkt\/gwarantowane-konto-1-100\/#primaryimage\",\"inLanguage\":\"en-US\",\"url\":\"https:\/\/kontofortnite.pl\/wp-content\/uploads\/2021\/06\/1-8.png\",\"contentUrl\":\"https:\/\/kontofortnite.pl\/wp-content\/uploads\/2021\/06\/1-8.png\",\"width\":721,\"height\":689},{\"@type\":\"WebPage\",\"@id\":\"https:\/\/kontofortnite.pl\/produkt\/gwarantowane-konto-1-100\/#webpage\",\"url\":\"https:\/\/kontofortnite.pl\/produkt\/gwarantowane-konto-1-100\/\",\"name\":\"FORTNITE KONTO GWARANTOWANY BLACK KNIGHT SEZON 2 &raquo; Konta Fortnite\",\"isPartOf\":{\"@id\":\"https:\/\/kontofortnite.pl\/#website\"},\"primaryImageOfPage\":{\"@id\":\"https:\/\/kontofortnite.pl\/produkt\/gwarantowane-konto-1-100\/#primaryimage\"},\"datePublished\":\"2021-06-30T08:56:14+00:00\",\"dateModified\":\"2025-03-17T16:57:47+00:00\",\"description\":\"Konto od 2 sezonu z czarnym rycerzem i wieloma innym og skinami vdolce i ratowanie \\u015bwiata w cenie od bety! ps4 xbox pc!\",\"breadcrumb\":{\"@id\":\"https:\/\/kontofortnite.pl\/produkt\/gwarantowane-konto-1-100\/#breadcrumb\"},\"inLanguage\":\"en-US\",\"potentialAction\":[{\"@type\":\"ReadAction\",\"target\":[\"https:\/\/kontofortnite.pl\/produkt\/gwarantowane-konto-1-100\/\"]}]},{\"@type\":\"BreadcrumbList\",\"@id\":\"https:\/\/kontofortnite.pl\/produkt\/gwarantowane-konto-1-100\/#breadcrumb\",\"itemListElement\":[{\"@type\":\"ListItem\",\"position\":1,\"name\":\"Strona g\\u0142\\u00f3wna\",\"item\":\"https:\/\/kontofortnite.pl\/\"},{\"@type\":\"ListItem\",\"position\":2,\"name\":\"Sklep\",\"item\":\"https:\/\/kontofortnite.pl\/sklep\/\"},{\"@type\":\"ListItem\",\"position\":3,\"name\":\"FORTNITE KONTO GWARANTOWANY BLACK KNIGHT SEZON 2\"}]}]}<\/script>\n<!-- \/ Yoast SEO plugin. -->","yoast_head_json":{"title":"FORTNITE KONTO GWARANTOWANY BLACK KNIGHT SEZON 2 &raquo; Konta Fortnite","description":"Konto od 2 sezonu z czarnym rycerzem i wieloma innym og skinami vdolce i ratowanie \u015bwiata w cenie od bety! ps4 xbox pc!","robots":{"index":"index","follow":"follow","max-snippet":"max-snippet:-1","max-image-preview":"max-image-preview:large","max-video-preview":"max-video-preview:-1"},"canonical":"https:\/\/kontofortnite.pl\/en\/product\/gwarantowane-konto-1-100\/","og_locale":"en_US","og_type":"article","og_title":"FORTNITE KONTO GWARANTOWANY BLACK KNIGHT SEZON 2 &raquo; Konta Fortnite","og_description":"Konto od 2 sezonu z czarnym rycerzem i wieloma innym og skinami vdolce i ratowanie \u015bwiata w cenie od bety! ps4 xbox pc!","og_url":"https:\/\/kontofortnite.pl\/en\/product\/gwarantowane-konto-1-100\/","og_site_name":"Konta Fortnite","article_publisher":"https:\/\/www.facebook.com\/gaming\/KontoFortniteFanpage","article_modified_time":"2025-03-17T16:57:47+00:00","og_image":[{"width":721,"height":689,"url":"https:\/\/kontofortnite.pl\/wp-content\/uploads\/2021\/06\/1-8.png","path":"\/home\/platne\/serwer100769\/public_html\/kontofortnite\/wp-content\/uploads\/2021\/06\/1-8.png","size":"full","id":6908,"alt":"","pixels":496769,"type":"image\/png"}],"twitter_card":"summary_large_image","twitter_misc":{"Est. reading time":"1 minute"},"schema":{"@context":"https:\/\/schema.org","@graph":[{"@type":"Organization","@id":"https:\/\/kontofortnite.pl\/#organization","name":"Konta Fortnite","url":"https:\/\/kontofortnite.pl\/","sameAs":["https:\/\/www.facebook.com\/gaming\/KontoFortniteFanpage","https:\/\/www.instagram.com\/kontofortnite.pl\/"],"logo":{"@type":"ImageObject","@id":"https:\/\/kontofortnite.pl\/#logo","inLanguage":"en-US","url":"https:\/\/kontofortnite.pl\/wp-content\/uploads\/2021\/06\/wp4663672-1.jpg.png","contentUrl":"https:\/\/kontofortnite.pl\/wp-content\/uploads\/2021\/06\/wp4663672-1.jpg.png","width":1600,"height":853,"caption":"Konta Fortnite"},"image":{"@id":"https:\/\/kontofortnite.pl\/#logo"}},{"@type":"WebSite","@id":"https:\/\/kontofortnite.pl\/#website","url":"https:\/\/kontofortnite.pl\/","name":"Konto Fortnite","description":"Sklep z kontami Fortnite. Legitymowane konta od Epic Games.","publisher":{"@id":"https:\/\/kontofortnite.pl\/#organization"},"potentialAction":[{"@type":"SearchAction","target":{"@type":"EntryPoint","urlTemplate":"https:\/\/kontofortnite.pl\/?s={search_term_string}"},"query-input":"required name=search_term_string"}],"inLanguage":"en-US"},{"@type":"ImageObject","@id":"https:\/\/kontofortnite.pl\/produkt\/gwarantowane-konto-1-100\/#primaryimage","inLanguage":"en-US","url":"https:\/\/kontofortnite.pl\/wp-content\/uploads\/2021\/06\/1-8.png","contentUrl":"https:\/\/kontofortnite.pl\/wp-content\/uploads\/2021\/06\/1-8.png","width":721,"height":689},{"@type":"WebPage","@id":"https:\/\/kontofortnite.pl\/produkt\/gwarantowane-konto-1-100\/#webpage","url":"https:\/\/kontofortnite.pl\/produkt\/gwarantowane-konto-1-100\/","name":"FORTNITE KONTO GWARANTOWANY BLACK KNIGHT SEZON 2 &raquo; Konta Fortnite","isPartOf":{"@id":"https:\/\/kontofortnite.pl\/#website"},"primaryImageOfPage":{"@id":"https:\/\/kontofortnite.pl\/produkt\/gwarantowane-konto-1-100\/#primaryimage"},"datePublished":"2021-06-30T08:56:14+00:00","dateModified":"2025-03-17T16:57:47+00:00","description":"Konto od 2 sezonu z czarnym rycerzem i wieloma innym og skinami vdolce i ratowanie \u015bwiata w cenie od bety! ps4 xbox pc!","breadcrumb":{"@id":"https:\/\/kontofortnite.pl\/produkt\/gwarantowane-konto-1-100\/#breadcrumb"},"inLanguage":"en-US","potentialAction":[{"@type":"ReadAction","target":["https:\/\/kontofortnite.pl\/produkt\/gwarantowane-konto-1-100\/"]}]},{"@type":"BreadcrumbList","@id":"https:\/\/kontofortnite.pl\/produkt\/gwarantowane-konto-1-100\/#breadcrumb","itemListElement":[{"@type":"ListItem","position":1,"name":"Strona g\u0142\u00f3wna","item":"https:\/\/kontofortnite.pl\/"},{"@type":"ListItem","position":2,"name":"Sklep","item":"https:\/\/kontofortnite.pl\/sklep\/"},{"@type":"ListItem","position":3,"name":"FORTNITE KONTO GWARANTOWANY BLACK KNIGHT SEZON 2"}]}]}},"_links":{"self":[{"href":"https:\/\/kontofortnite.pl\/en\/wp-json\/wp\/v2\/product\/1091"}],"collection":[{"href":"https:\/\/kontofortnite.pl\/en\/wp-json\/wp\/v2\/product"}],"about":[{"href":"https:\/\/kontofortnite.pl\/en\/wp-json\/wp\/v2\/types\/product"}],"wp:featuredmedia":[{"embeddable":true,"href":"https:\/\/kontofortnite.pl\/en\/wp-json\/wp\/v2\/media\/6908"}],"wp:attachment":[{"href":"https:\/\/kontofortnite.pl\/en\/wp-json\/wp\/v2\/media?parent=1091"}],"wp:term":[{"taxonomy":"product_cat","embeddable":true,"href":"https:\/\/kontofortnite.pl\/en\/wp-json\/wp\/v2\/product_cat?post=1091"},{"taxonomy":"product_tag","embeddable":true,"href":"https:\/\/kontofortnite.pl\/en\/wp-json\/wp\/v2\/product_tag?post=1091"}],"curies":[{"name":"wp","href":"https:\/\/api.w.org\/{rel}","templated":true}]}}