{"id":1179,"date":"2021-06-30T09:03:52","date_gmt":"2021-06-30T09:03:52","guid":{"rendered":"https:\/\/kontofortnite.pl\/?post_type=product&#038;p=1179"},"modified":"2025-03-17T16:21:34","modified_gmt":"2025-03-17T16:21:34","slug":"gwarantowane-konto-60","status":"publish","type":"product","link":"https:\/\/kontofortnite.pl\/en\/product\/gwarantowane-konto-60\/","title":{"rendered":"KONTO FORTNITE SEZON 3 500 SKIN RATOWANIE \u015aWIATA BETA ELITARNA"},"content":{"rendered":"<p><b>Po zakupie:<\/b><\/p>\n<ul>\n<li><b>Znajduj\u0105 si\u0119 skiny legendarne epickie oraz unikatowe<\/b><\/li>\n<li>The game works on:\u00a0<b>PC, PS, PHONES, TABLETS and NINTENDO SWITCH!<\/b><\/li>\n<li>The game is in the English language version<\/li>\n<li>Nie posiada \u017cadnych blokad!<\/li>\n<li><b>Ka\u017cdy kupuj\u0105cy dostaje SUPER SK\u00d3RKI!<\/b><\/li>\n<li><b>You can change the nickname<\/b><\/li>\n<li>THESE ARE NOT CRACKS.<\/li>\n<li>Mo\u017cliwo\u015b\u0107 wymiany sk\u00f3rek na inne.<\/li>\n<li>GRA NA W\u0141ANO\u015a\u0106<\/li>\n<li>S\u0105 to legitymowane sk\u00f3rki.<\/li>\n<\/ul>\n<p><b>Dodatkowo:<\/b><\/p>\n<ul>\n<li>Instrukcj\u0119 na komputer i konsole.<\/li>\n<li><b>Pe\u0142ne wsparcie od nas po zakupie dla Pa\u0144stwa w razie potrzeby pomocy w instalacji gry<\/b><\/li>\n<\/ul>","protected":false},"excerpt":{"rendered":"<p>Po zakupie: Znajduj\u0105 si\u0119 skiny legendarne epickie oraz unikatowe Gra dzia\u0142a na:\u00a0PC, PS, TELEFONY, TABLETY oraz NINTENDO SWITCH! Gra jest w\u00a0Polskiej\u00a0wersji j\u0119zykowej Nie posiada \u017cadnych blokad! Ka\u017cdy kupuj\u0105cy dostaje SUPER SK\u00d3RKI! Mo\u017cna zmieni\u0107 nazw\u0119 NIE S\u0104 TO CRACKI. Mo\u017cliwo\u015b\u0107 wymiany sk\u00f3rek na inne. GRA NA W\u0141ANO\u015a\u0106 S\u0105 to legitymowane sk\u00f3rki. Dodatkowo: Instrukcj\u0119 na komputer i [&hellip;]<\/p>","protected":false},"featured_media":6862,"template":"","meta":[],"product_cat":[24],"product_tag":[],"yoast_head":"<!-- This site is optimized with the Yoast SEO plugin v17.0 - https:\/\/yoast.com\/wordpress\/plugins\/seo\/ -->\n<title>KONTO FORTNITE SEZON 3 500 SKIN RATOWANIE \u015aWIATA BETA ELITARNA &raquo; Konta Fortnite<\/title>\n<meta name=\"description\" content=\"KONTO FORTNITE OD 3 SEZONU 500 SK\u00d3REK RATOWANIE \u015aWIATA I WIELE WI\u0118CEJ\" \/>\n<meta name=\"robots\" content=\"index, follow, max-snippet:-1, max-image-preview:large, max-video-preview:-1\" \/>\n<link rel=\"canonical\" href=\"https:\/\/kontofortnite.pl\/en\/product\/gwarantowane-konto-60\/\" \/>\n<meta property=\"og:locale\" content=\"en_US\" \/>\n<meta property=\"og:type\" content=\"article\" \/>\n<meta property=\"og:title\" content=\"KONTO FORTNITE SEZON 3 500 SKIN RATOWANIE \u015aWIATA BETA ELITARNA &raquo; Konta Fortnite\" \/>\n<meta property=\"og:description\" content=\"KONTO FORTNITE OD 3 SEZONU 500 SK\u00d3REK RATOWANIE \u015aWIATA I WIELE WI\u0118CEJ\" \/>\n<meta property=\"og:url\" content=\"https:\/\/kontofortnite.pl\/en\/product\/gwarantowane-konto-60\/\" \/>\n<meta property=\"og:site_name\" content=\"Konta Fortnite\" \/>\n<meta property=\"article:publisher\" content=\"https:\/\/www.facebook.com\/gaming\/KontoFortniteFanpage\" \/>\n<meta property=\"article:modified_time\" content=\"2025-03-17T16:21:34+00:00\" \/>\n<meta property=\"og:image\" content=\"https:\/\/kontofortnite.pl\/wp-content\/uploads\/2021\/06\/1-7.jpg\" \/>\n\t<meta property=\"og:image:width\" content=\"1170\" \/>\n\t<meta property=\"og:image:height\" content=\"1186\" \/>\n<meta name=\"twitter:card\" content=\"summary_large_image\" \/>\n<meta name=\"twitter:label1\" content=\"Est. reading time\" \/>\n\t<meta name=\"twitter:data1\" content=\"1 minute\" \/>\n<script type=\"application\/ld+json\" class=\"yoast-schema-graph\">{\"@context\":\"https:\/\/schema.org\",\"@graph\":[{\"@type\":\"Organization\",\"@id\":\"https:\/\/kontofortnite.pl\/#organization\",\"name\":\"Konta Fortnite\",\"url\":\"https:\/\/kontofortnite.pl\/\",\"sameAs\":[\"https:\/\/www.facebook.com\/gaming\/KontoFortniteFanpage\",\"https:\/\/www.instagram.com\/kontofortnite.pl\/\"],\"logo\":{\"@type\":\"ImageObject\",\"@id\":\"https:\/\/kontofortnite.pl\/#logo\",\"inLanguage\":\"en-US\",\"url\":\"https:\/\/kontofortnite.pl\/wp-content\/uploads\/2021\/06\/wp4663672-1.jpg.png\",\"contentUrl\":\"https:\/\/kontofortnite.pl\/wp-content\/uploads\/2021\/06\/wp4663672-1.jpg.png\",\"width\":1600,\"height\":853,\"caption\":\"Konta Fortnite\"},\"image\":{\"@id\":\"https:\/\/kontofortnite.pl\/#logo\"}},{\"@type\":\"WebSite\",\"@id\":\"https:\/\/kontofortnite.pl\/#website\",\"url\":\"https:\/\/kontofortnite.pl\/\",\"name\":\"Konto Fortnite\",\"description\":\"Sklep z kontami Fortnite. Legitymowane konta od Epic Games.\",\"publisher\":{\"@id\":\"https:\/\/kontofortnite.pl\/#organization\"},\"potentialAction\":[{\"@type\":\"SearchAction\",\"target\":{\"@type\":\"EntryPoint\",\"urlTemplate\":\"https:\/\/kontofortnite.pl\/?s={search_term_string}\"},\"query-input\":\"required name=search_term_string\"}],\"inLanguage\":\"en-US\"},{\"@type\":\"ImageObject\",\"@id\":\"https:\/\/kontofortnite.pl\/produkt\/gwarantowane-konto-60\/#primaryimage\",\"inLanguage\":\"en-US\",\"url\":\"https:\/\/kontofortnite.pl\/wp-content\/uploads\/2021\/06\/1-7.jpg\",\"contentUrl\":\"https:\/\/kontofortnite.pl\/wp-content\/uploads\/2021\/06\/1-7.jpg\",\"width\":1170,\"height\":1186},{\"@type\":\"WebPage\",\"@id\":\"https:\/\/kontofortnite.pl\/produkt\/gwarantowane-konto-60\/#webpage\",\"url\":\"https:\/\/kontofortnite.pl\/produkt\/gwarantowane-konto-60\/\",\"name\":\"KONTO FORTNITE SEZON 3 500 SKIN RATOWANIE \\u015aWIATA BETA ELITARNA &raquo; Konta Fortnite\",\"isPartOf\":{\"@id\":\"https:\/\/kontofortnite.pl\/#website\"},\"primaryImageOfPage\":{\"@id\":\"https:\/\/kontofortnite.pl\/produkt\/gwarantowane-konto-60\/#primaryimage\"},\"datePublished\":\"2021-06-30T09:03:52+00:00\",\"dateModified\":\"2025-03-17T16:21:34+00:00\",\"description\":\"KONTO FORTNITE OD 3 SEZONU 500 SK\\u00d3REK RATOWANIE \\u015aWIATA I WIELE WI\\u0118CEJ\",\"breadcrumb\":{\"@id\":\"https:\/\/kontofortnite.pl\/produkt\/gwarantowane-konto-60\/#breadcrumb\"},\"inLanguage\":\"en-US\",\"potentialAction\":[{\"@type\":\"ReadAction\",\"target\":[\"https:\/\/kontofortnite.pl\/produkt\/gwarantowane-konto-60\/\"]}]},{\"@type\":\"BreadcrumbList\",\"@id\":\"https:\/\/kontofortnite.pl\/produkt\/gwarantowane-konto-60\/#breadcrumb\",\"itemListElement\":[{\"@type\":\"ListItem\",\"position\":1,\"name\":\"Strona g\\u0142\\u00f3wna\",\"item\":\"https:\/\/kontofortnite.pl\/\"},{\"@type\":\"ListItem\",\"position\":2,\"name\":\"Sklep\",\"item\":\"https:\/\/kontofortnite.pl\/sklep\/\"},{\"@type\":\"ListItem\",\"position\":3,\"name\":\"KONTO FORTNITE SEZON 3 500 SKIN RATOWANIE \\u015aWIATA BETA ELITARNA\"}]}]}<\/script>\n<!-- \/ Yoast SEO plugin. -->","yoast_head_json":{"title":"KONTO FORTNITE SEZON 3 500 SKIN RATOWANIE \u015aWIATA BETA ELITARNA &raquo; Konta Fortnite","description":"KONTO FORTNITE OD 3 SEZONU 500 SK\u00d3REK RATOWANIE \u015aWIATA I WIELE WI\u0118CEJ","robots":{"index":"index","follow":"follow","max-snippet":"max-snippet:-1","max-image-preview":"max-image-preview:large","max-video-preview":"max-video-preview:-1"},"canonical":"https:\/\/kontofortnite.pl\/en\/product\/gwarantowane-konto-60\/","og_locale":"en_US","og_type":"article","og_title":"KONTO FORTNITE SEZON 3 500 SKIN RATOWANIE \u015aWIATA BETA ELITARNA &raquo; Konta Fortnite","og_description":"KONTO FORTNITE OD 3 SEZONU 500 SK\u00d3REK RATOWANIE \u015aWIATA I WIELE WI\u0118CEJ","og_url":"https:\/\/kontofortnite.pl\/en\/product\/gwarantowane-konto-60\/","og_site_name":"Konta Fortnite","article_publisher":"https:\/\/www.facebook.com\/gaming\/KontoFortniteFanpage","article_modified_time":"2025-03-17T16:21:34+00:00","og_image":[{"width":1170,"height":1186,"url":"https:\/\/kontofortnite.pl\/wp-content\/uploads\/2021\/06\/1-7.jpg","path":"\/home\/platne\/serwer100769\/public_html\/kontofortnite\/wp-content\/uploads\/2021\/06\/1-7.jpg","size":"full","id":6862,"alt":"","pixels":1387620,"type":"image\/jpeg"}],"twitter_card":"summary_large_image","twitter_misc":{"Est. reading time":"1 minute"},"schema":{"@context":"https:\/\/schema.org","@graph":[{"@type":"Organization","@id":"https:\/\/kontofortnite.pl\/#organization","name":"Konta Fortnite","url":"https:\/\/kontofortnite.pl\/","sameAs":["https:\/\/www.facebook.com\/gaming\/KontoFortniteFanpage","https:\/\/www.instagram.com\/kontofortnite.pl\/"],"logo":{"@type":"ImageObject","@id":"https:\/\/kontofortnite.pl\/#logo","inLanguage":"en-US","url":"https:\/\/kontofortnite.pl\/wp-content\/uploads\/2021\/06\/wp4663672-1.jpg.png","contentUrl":"https:\/\/kontofortnite.pl\/wp-content\/uploads\/2021\/06\/wp4663672-1.jpg.png","width":1600,"height":853,"caption":"Konta Fortnite"},"image":{"@id":"https:\/\/kontofortnite.pl\/#logo"}},{"@type":"WebSite","@id":"https:\/\/kontofortnite.pl\/#website","url":"https:\/\/kontofortnite.pl\/","name":"Konto Fortnite","description":"Sklep z kontami Fortnite. Legitymowane konta od Epic Games.","publisher":{"@id":"https:\/\/kontofortnite.pl\/#organization"},"potentialAction":[{"@type":"SearchAction","target":{"@type":"EntryPoint","urlTemplate":"https:\/\/kontofortnite.pl\/?s={search_term_string}"},"query-input":"required name=search_term_string"}],"inLanguage":"en-US"},{"@type":"ImageObject","@id":"https:\/\/kontofortnite.pl\/produkt\/gwarantowane-konto-60\/#primaryimage","inLanguage":"en-US","url":"https:\/\/kontofortnite.pl\/wp-content\/uploads\/2021\/06\/1-7.jpg","contentUrl":"https:\/\/kontofortnite.pl\/wp-content\/uploads\/2021\/06\/1-7.jpg","width":1170,"height":1186},{"@type":"WebPage","@id":"https:\/\/kontofortnite.pl\/produkt\/gwarantowane-konto-60\/#webpage","url":"https:\/\/kontofortnite.pl\/produkt\/gwarantowane-konto-60\/","name":"KONTO FORTNITE SEZON 3 500 SKIN RATOWANIE \u015aWIATA BETA ELITARNA &raquo; Konta Fortnite","isPartOf":{"@id":"https:\/\/kontofortnite.pl\/#website"},"primaryImageOfPage":{"@id":"https:\/\/kontofortnite.pl\/produkt\/gwarantowane-konto-60\/#primaryimage"},"datePublished":"2021-06-30T09:03:52+00:00","dateModified":"2025-03-17T16:21:34+00:00","description":"KONTO FORTNITE OD 3 SEZONU 500 SK\u00d3REK RATOWANIE \u015aWIATA I WIELE WI\u0118CEJ","breadcrumb":{"@id":"https:\/\/kontofortnite.pl\/produkt\/gwarantowane-konto-60\/#breadcrumb"},"inLanguage":"en-US","potentialAction":[{"@type":"ReadAction","target":["https:\/\/kontofortnite.pl\/produkt\/gwarantowane-konto-60\/"]}]},{"@type":"BreadcrumbList","@id":"https:\/\/kontofortnite.pl\/produkt\/gwarantowane-konto-60\/#breadcrumb","itemListElement":[{"@type":"ListItem","position":1,"name":"Strona g\u0142\u00f3wna","item":"https:\/\/kontofortnite.pl\/"},{"@type":"ListItem","position":2,"name":"Sklep","item":"https:\/\/kontofortnite.pl\/sklep\/"},{"@type":"ListItem","position":3,"name":"KONTO FORTNITE SEZON 3 500 SKIN RATOWANIE \u015aWIATA BETA ELITARNA"}]}]}},"_links":{"self":[{"href":"https:\/\/kontofortnite.pl\/en\/wp-json\/wp\/v2\/product\/1179"}],"collection":[{"href":"https:\/\/kontofortnite.pl\/en\/wp-json\/wp\/v2\/product"}],"about":[{"href":"https:\/\/kontofortnite.pl\/en\/wp-json\/wp\/v2\/types\/product"}],"wp:featuredmedia":[{"embeddable":true,"href":"https:\/\/kontofortnite.pl\/en\/wp-json\/wp\/v2\/media\/6862"}],"wp:attachment":[{"href":"https:\/\/kontofortnite.pl\/en\/wp-json\/wp\/v2\/media?parent=1179"}],"wp:term":[{"taxonomy":"product_cat","embeddable":true,"href":"https:\/\/kontofortnite.pl\/en\/wp-json\/wp\/v2\/product_cat?post=1179"},{"taxonomy":"product_tag","embeddable":true,"href":"https:\/\/kontofortnite.pl\/en\/wp-json\/wp\/v2\/product_tag?post=1179"}],"curies":[{"name":"wp","href":"https:\/\/api.w.org\/{rel}","templated":true}]}}