{"id":1181,"date":"2021-06-30T09:04:00","date_gmt":"2021-06-30T09:04:00","guid":{"rendered":"https:\/\/kontofortnite.pl\/?post_type=product&#038;p=1181"},"modified":"2024-12-11T19:39:07","modified_gmt":"2024-12-11T19:39:07","slug":"gwarantowane-konto-150","status":"publish","type":"product","link":"https:\/\/kontofortnite.pl\/en\/product\/gwarantowane-konto-150\/","title":{"rendered":"KONTO FORTNITE SKULL TROOPER GHOUL IKONIK MINY AXE MIDAS 1000 SKIN"},"content":{"rendered":"<p><b>Po zakupie:<\/b><\/p>\n<ul>\n<li><b>Znajduj\u0105 si\u0119 skiny legendarne epickie oraz unikatowe.<\/b><\/li>\n<li>The game works on:\u00a0<b>PC, PS, PHONES, TABLETS and NINTENDO SWITCH!<\/b><\/li>\n<li>The game is in the English language version<\/li>\n<li>Nie posiada \u017cadnych blokad!<\/li>\n<li><b>You can change the nickname<\/b><\/li>\n<li>THESE ARE NOT CRACKS.<\/li>\n<li>Mo\u017cliwo\u015b\u0107 wymiany sk\u00f3rek na inne.<\/li>\n<li>S\u0105 to legitymowane sk\u00f3rki.<\/li>\n<\/ul>\n<p><b>Dodatkowo:<\/b><\/p>\n<ul>\n<li>Instrukcj\u0119 na komputer i konsole.<\/li>\n<li><b>Pe\u0142ne wsparcie od nas po zakupie dla Pa\u0144stwa w razie potrzeby pomocy w instalacji gry<\/b><\/li>\n<\/ul>","protected":false},"excerpt":{"rendered":"<p>Po zakupie: Znajduj\u0105 si\u0119 skiny legendarne epickie oraz unikatowe. Gra dzia\u0142a na:\u00a0PC, PS, TELEFONY, TABLETY oraz NINTENDO SWITCH! Gra jest w\u00a0Polskiej\u00a0wersji j\u0119zykowej Nie posiada \u017cadnych blokad! Mo\u017cna zmieni\u0107 nazw\u0119 NIE S\u0104 TO CRACKI. Mo\u017cliwo\u015b\u0107 wymiany sk\u00f3rek na inne. S\u0105 to legitymowane sk\u00f3rki. Dodatkowo: Instrukcj\u0119 na komputer i konsole. Pe\u0142ne wsparcie od nas po zakupie dla [&hellip;]<\/p>","protected":false},"featured_media":0,"template":"","meta":[],"product_cat":[24],"product_tag":[],"yoast_head":"<!-- This site is optimized with the Yoast SEO plugin v17.0 - https:\/\/yoast.com\/wordpress\/plugins\/seo\/ -->\n<title>KONTO FORTNITE SKULL TROOPER GHOUL IKONIK MINY AXE MIDAS 1000 SKIN &raquo; Konta Fortnite<\/title>\n<meta name=\"description\" content=\"KONTO FORTNITE Z 1000 SIKINAMI SKULL GHOUL RATOWANIE \u015aWIATA PLUS DU\u017bO VDOLCY!\" \/>\n<meta name=\"robots\" content=\"index, follow, max-snippet:-1, max-image-preview:large, max-video-preview:-1\" \/>\n<link rel=\"canonical\" href=\"https:\/\/kontofortnite.pl\/en\/product\/gwarantowane-konto-150\/\" \/>\n<meta property=\"og:locale\" content=\"en_US\" \/>\n<meta property=\"og:type\" content=\"article\" \/>\n<meta property=\"og:title\" content=\"KONTO FORTNITE SKULL TROOPER GHOUL IKONIK MINY AXE MIDAS 1000 SKIN &raquo; Konta Fortnite\" \/>\n<meta property=\"og:description\" content=\"KONTO FORTNITE Z 1000 SIKINAMI SKULL GHOUL RATOWANIE \u015aWIATA PLUS DU\u017bO VDOLCY!\" \/>\n<meta property=\"og:url\" content=\"https:\/\/kontofortnite.pl\/en\/product\/gwarantowane-konto-150\/\" \/>\n<meta property=\"og:site_name\" content=\"Konta Fortnite\" \/>\n<meta property=\"article:publisher\" content=\"https:\/\/www.facebook.com\/gaming\/KontoFortniteFanpage\" \/>\n<meta property=\"article:modified_time\" content=\"2024-12-11T19:39:07+00:00\" \/>\n<meta property=\"og:image\" content=\"https:\/\/kontofortnite.pl\/wp-content\/uploads\/2021\/06\/921df5914b4a96a177249ff72820.png\" \/>\n\t<meta property=\"og:image:width\" content=\"1023\" \/>\n\t<meta property=\"og:image:height\" content=\"575\" \/>\n<meta name=\"twitter:card\" content=\"summary_large_image\" \/>\n<meta name=\"twitter:label1\" content=\"Est. reading time\" \/>\n\t<meta name=\"twitter:data1\" content=\"1 minute\" \/>\n<script type=\"application\/ld+json\" class=\"yoast-schema-graph\">{\"@context\":\"https:\/\/schema.org\",\"@graph\":[{\"@type\":\"Organization\",\"@id\":\"https:\/\/kontofortnite.pl\/#organization\",\"name\":\"Konta Fortnite\",\"url\":\"https:\/\/kontofortnite.pl\/\",\"sameAs\":[\"https:\/\/www.facebook.com\/gaming\/KontoFortniteFanpage\",\"https:\/\/www.instagram.com\/kontofortnite.pl\/\"],\"logo\":{\"@type\":\"ImageObject\",\"@id\":\"https:\/\/kontofortnite.pl\/#logo\",\"inLanguage\":\"en-US\",\"url\":\"https:\/\/kontofortnite.pl\/wp-content\/uploads\/2021\/06\/wp4663672-1.jpg.png\",\"contentUrl\":\"https:\/\/kontofortnite.pl\/wp-content\/uploads\/2021\/06\/wp4663672-1.jpg.png\",\"width\":1600,\"height\":853,\"caption\":\"Konta Fortnite\"},\"image\":{\"@id\":\"https:\/\/kontofortnite.pl\/#logo\"}},{\"@type\":\"WebSite\",\"@id\":\"https:\/\/kontofortnite.pl\/#website\",\"url\":\"https:\/\/kontofortnite.pl\/\",\"name\":\"Konto Fortnite\",\"description\":\"Sklep z kontami Fortnite. Legitymowane konta od Epic Games.\",\"publisher\":{\"@id\":\"https:\/\/kontofortnite.pl\/#organization\"},\"potentialAction\":[{\"@type\":\"SearchAction\",\"target\":{\"@type\":\"EntryPoint\",\"urlTemplate\":\"https:\/\/kontofortnite.pl\/?s={search_term_string}\"},\"query-input\":\"required name=search_term_string\"}],\"inLanguage\":\"en-US\"},{\"@type\":\"WebPage\",\"@id\":\"https:\/\/kontofortnite.pl\/produkt\/gwarantowane-konto-150\/#webpage\",\"url\":\"https:\/\/kontofortnite.pl\/produkt\/gwarantowane-konto-150\/\",\"name\":\"KONTO FORTNITE SKULL TROOPER GHOUL IKONIK MINY AXE MIDAS 1000 SKIN &raquo; Konta Fortnite\",\"isPartOf\":{\"@id\":\"https:\/\/kontofortnite.pl\/#website\"},\"datePublished\":\"2021-06-30T09:04:00+00:00\",\"dateModified\":\"2024-12-11T19:39:07+00:00\",\"description\":\"KONTO FORTNITE Z 1000 SIKINAMI SKULL GHOUL RATOWANIE \\u015aWIATA PLUS DU\\u017bO VDOLCY!\",\"breadcrumb\":{\"@id\":\"https:\/\/kontofortnite.pl\/produkt\/gwarantowane-konto-150\/#breadcrumb\"},\"inLanguage\":\"en-US\",\"potentialAction\":[{\"@type\":\"ReadAction\",\"target\":[\"https:\/\/kontofortnite.pl\/produkt\/gwarantowane-konto-150\/\"]}]},{\"@type\":\"BreadcrumbList\",\"@id\":\"https:\/\/kontofortnite.pl\/produkt\/gwarantowane-konto-150\/#breadcrumb\",\"itemListElement\":[{\"@type\":\"ListItem\",\"position\":1,\"name\":\"Strona g\\u0142\\u00f3wna\",\"item\":\"https:\/\/kontofortnite.pl\/\"},{\"@type\":\"ListItem\",\"position\":2,\"name\":\"Sklep\",\"item\":\"https:\/\/kontofortnite.pl\/sklep\/\"},{\"@type\":\"ListItem\",\"position\":3,\"name\":\"KONTO FORTNITE SKULL TROOPER GHOUL IKONIK MINY AXE MIDAS 1000 SKIN\"}]}]}<\/script>\n<!-- \/ Yoast SEO plugin. -->","yoast_head_json":{"title":"KONTO FORTNITE SKULL TROOPER GHOUL IKONIK MINY AXE MIDAS 1000 SKIN &raquo; Konta Fortnite","description":"KONTO FORTNITE Z 1000 SIKINAMI SKULL GHOUL RATOWANIE \u015aWIATA PLUS DU\u017bO VDOLCY!","robots":{"index":"index","follow":"follow","max-snippet":"max-snippet:-1","max-image-preview":"max-image-preview:large","max-video-preview":"max-video-preview:-1"},"canonical":"https:\/\/kontofortnite.pl\/en\/product\/gwarantowane-konto-150\/","og_locale":"en_US","og_type":"article","og_title":"KONTO FORTNITE SKULL TROOPER GHOUL IKONIK MINY AXE MIDAS 1000 SKIN &raquo; Konta Fortnite","og_description":"KONTO FORTNITE Z 1000 SIKINAMI SKULL GHOUL RATOWANIE \u015aWIATA PLUS DU\u017bO VDOLCY!","og_url":"https:\/\/kontofortnite.pl\/en\/product\/gwarantowane-konto-150\/","og_site_name":"Konta Fortnite","article_publisher":"https:\/\/www.facebook.com\/gaming\/KontoFortniteFanpage","article_modified_time":"2024-12-11T19:39:07+00:00","og_image":[{"width":1023,"height":575,"filesize":787455,"url":"https:\/\/kontofortnite.pl\/wp-content\/uploads\/2021\/06\/921df5914b4a96a177249ff72820.png","path":"\/home\/platne\/serwer100769\/public_html\/kontofortnite\/wp-content\/uploads\/2021\/06\/921df5914b4a96a177249ff72820.png","size":"full","id":3789,"alt":"","pixels":588225,"type":"image\/png"}],"twitter_card":"summary_large_image","twitter_misc":{"Est. reading time":"1 minute"},"schema":{"@context":"https:\/\/schema.org","@graph":[{"@type":"Organization","@id":"https:\/\/kontofortnite.pl\/#organization","name":"Konta Fortnite","url":"https:\/\/kontofortnite.pl\/","sameAs":["https:\/\/www.facebook.com\/gaming\/KontoFortniteFanpage","https:\/\/www.instagram.com\/kontofortnite.pl\/"],"logo":{"@type":"ImageObject","@id":"https:\/\/kontofortnite.pl\/#logo","inLanguage":"en-US","url":"https:\/\/kontofortnite.pl\/wp-content\/uploads\/2021\/06\/wp4663672-1.jpg.png","contentUrl":"https:\/\/kontofortnite.pl\/wp-content\/uploads\/2021\/06\/wp4663672-1.jpg.png","width":1600,"height":853,"caption":"Konta Fortnite"},"image":{"@id":"https:\/\/kontofortnite.pl\/#logo"}},{"@type":"WebSite","@id":"https:\/\/kontofortnite.pl\/#website","url":"https:\/\/kontofortnite.pl\/","name":"Konto Fortnite","description":"Sklep z kontami Fortnite. Legitymowane konta od Epic Games.","publisher":{"@id":"https:\/\/kontofortnite.pl\/#organization"},"potentialAction":[{"@type":"SearchAction","target":{"@type":"EntryPoint","urlTemplate":"https:\/\/kontofortnite.pl\/?s={search_term_string}"},"query-input":"required name=search_term_string"}],"inLanguage":"en-US"},{"@type":"WebPage","@id":"https:\/\/kontofortnite.pl\/produkt\/gwarantowane-konto-150\/#webpage","url":"https:\/\/kontofortnite.pl\/produkt\/gwarantowane-konto-150\/","name":"KONTO FORTNITE SKULL TROOPER GHOUL IKONIK MINY AXE MIDAS 1000 SKIN &raquo; Konta Fortnite","isPartOf":{"@id":"https:\/\/kontofortnite.pl\/#website"},"datePublished":"2021-06-30T09:04:00+00:00","dateModified":"2024-12-11T19:39:07+00:00","description":"KONTO FORTNITE Z 1000 SIKINAMI SKULL GHOUL RATOWANIE \u015aWIATA PLUS DU\u017bO VDOLCY!","breadcrumb":{"@id":"https:\/\/kontofortnite.pl\/produkt\/gwarantowane-konto-150\/#breadcrumb"},"inLanguage":"en-US","potentialAction":[{"@type":"ReadAction","target":["https:\/\/kontofortnite.pl\/produkt\/gwarantowane-konto-150\/"]}]},{"@type":"BreadcrumbList","@id":"https:\/\/kontofortnite.pl\/produkt\/gwarantowane-konto-150\/#breadcrumb","itemListElement":[{"@type":"ListItem","position":1,"name":"Strona g\u0142\u00f3wna","item":"https:\/\/kontofortnite.pl\/"},{"@type":"ListItem","position":2,"name":"Sklep","item":"https:\/\/kontofortnite.pl\/sklep\/"},{"@type":"ListItem","position":3,"name":"KONTO FORTNITE SKULL TROOPER GHOUL IKONIK MINY AXE MIDAS 1000 SKIN"}]}]}},"_links":{"self":[{"href":"https:\/\/kontofortnite.pl\/en\/wp-json\/wp\/v2\/product\/1181"}],"collection":[{"href":"https:\/\/kontofortnite.pl\/en\/wp-json\/wp\/v2\/product"}],"about":[{"href":"https:\/\/kontofortnite.pl\/en\/wp-json\/wp\/v2\/types\/product"}],"wp:attachment":[{"href":"https:\/\/kontofortnite.pl\/en\/wp-json\/wp\/v2\/media?parent=1181"}],"wp:term":[{"taxonomy":"product_cat","embeddable":true,"href":"https:\/\/kontofortnite.pl\/en\/wp-json\/wp\/v2\/product_cat?post=1181"},{"taxonomy":"product_tag","embeddable":true,"href":"https:\/\/kontofortnite.pl\/en\/wp-json\/wp\/v2\/product_tag?post=1181"}],"curies":[{"name":"wp","href":"https:\/\/api.w.org\/{rel}","templated":true}]}}