{"id":724,"date":"2021-06-29T15:58:21","date_gmt":"2021-06-29T15:58:21","guid":{"rendered":"https:\/\/kontofortnite.pl\/?post_type=product&#038;p=724"},"modified":"2025-03-17T16:11:43","modified_gmt":"2025-03-17T16:11:43","slug":"losowe-skiny-min-90","status":"publish","type":"product","link":"https:\/\/kontofortnite.pl\/en\/product\/losowe-skiny-min-90\/","title":{"rendered":"KONTO FORTNITE LOSOWE SKINY MINIMUM 90 OD 1 SEZONU"},"content":{"rendered":"<p><b>Po zakupie:<\/b><\/p>\n<ul>\n<li><b>Znajduj\u0105 si\u0119 skiny legendarne epickie oraz unikatowe, mo\u017cliwo\u015b\u0107 (nawet sezon 1, 2)<\/b><\/li>\n<li>The game works on:\u00a0<b>PC, PS, PHONES, TABLETS and NINTENDO SWITCH!<\/b><\/li>\n<li>The game is in the English language version<\/li>\n<li>Nie posiada \u017cadnych blokad!<\/li>\n<li><b>Ka\u017cdy kupuj\u0105cy dostaje SUPER SK\u00d3RKI!<\/b><\/li>\n<li><b>You can change the nickname<\/b><\/li>\n<li>THESE ARE NOT CRACKS.<\/li>\n<li>Mo\u017cliwo\u015b\u0107 wymiany sk\u00f3rek na inne.<\/li>\n<li>GRA NA W\u0141ANO\u015a\u0106<\/li>\n<li>S\u0105 to legitymowane sk\u00f3rki.<\/li>\n<\/ul>\n<p><b>Dodatkowo:<\/b><\/p>\n<ul>\n<li>Instrukcj\u0119 na komputer i konsole.<\/li>\n<li><b>Pe\u0142ne wsparcie od nas po zakupie dla Pa\u0144stwa w razie potrzeby pomocy w instalacji gry<\/b><\/li>\n<\/ul>","protected":false},"excerpt":{"rendered":"<p>Po zakupie: Znajduj\u0105 si\u0119 skiny legendarne epickie oraz unikatowe, mo\u017cliwo\u015b\u0107 (nawet sezon 1, 2) Gra dzia\u0142a na:\u00a0PC, PS, TELEFONY, TABLETY oraz NINTENDO SWITCH! Gra jest w\u00a0Polskiej\u00a0wersji j\u0119zykowej Nie posiada \u017cadnych blokad! Ka\u017cdy kupuj\u0105cy dostaje SUPER SK\u00d3RKI! Mo\u017cna zmieni\u0107 nazw\u0119 NIE S\u0104 TO CRACKI. Mo\u017cliwo\u015b\u0107 wymiany sk\u00f3rek na inne. GRA NA W\u0141ANO\u015a\u0106 S\u0105 to legitymowane sk\u00f3rki. [&hellip;]<\/p>","protected":false},"featured_media":698,"template":"","meta":[],"product_cat":[22],"product_tag":[],"yoast_head":"<!-- This site is optimized with the Yoast SEO plugin v17.0 - https:\/\/yoast.com\/wordpress\/plugins\/seo\/ -->\n<title>KONTO FORTNITE LOSOWE SKINY MINIMUM 90 OD 1 SEZONU &raquo; Konta Fortnite<\/title>\n<meta name=\"description\" content=\"LOSOWE SK\u00d3RKI OD 1 SEZONU. NIE MA S\u0141ABYCH SK\u00d3REK OG SKINY I WIELE WI\u0118CEJ PLUS RATOWANIE \u015aWIATA . PS4 XBOX PC\" \/>\n<meta name=\"robots\" content=\"index, follow, max-snippet:-1, max-image-preview:large, max-video-preview:-1\" \/>\n<link rel=\"canonical\" href=\"https:\/\/kontofortnite.pl\/en\/product\/losowe-skiny-min-90\/\" \/>\n<meta property=\"og:locale\" content=\"en_US\" \/>\n<meta property=\"og:type\" content=\"article\" \/>\n<meta property=\"og:title\" content=\"KONTO FORTNITE LOSOWE SKINY MINIMUM 90 OD 1 SEZONU &raquo; Konta Fortnite\" \/>\n<meta property=\"og:description\" content=\"LOSOWE SK\u00d3RKI OD 1 SEZONU. NIE MA S\u0141ABYCH SK\u00d3REK OG SKINY I WIELE WI\u0118CEJ PLUS RATOWANIE \u015aWIATA . PS4 XBOX PC\" \/>\n<meta property=\"og:url\" content=\"https:\/\/kontofortnite.pl\/en\/product\/losowe-skiny-min-90\/\" \/>\n<meta property=\"og:site_name\" content=\"Konta Fortnite\" \/>\n<meta property=\"article:publisher\" content=\"https:\/\/www.facebook.com\/gaming\/KontoFortniteFanpage\" \/>\n<meta property=\"article:modified_time\" content=\"2025-03-17T16:11:43+00:00\" \/>\n<meta property=\"og:image\" content=\"https:\/\/kontofortnite.pl\/wp-content\/uploads\/2021\/06\/min.90.jpg\" \/>\n\t<meta property=\"og:image:width\" content=\"1280\" \/>\n\t<meta property=\"og:image:height\" content=\"720\" \/>\n<meta name=\"twitter:card\" content=\"summary_large_image\" \/>\n<script type=\"application\/ld+json\" class=\"yoast-schema-graph\">{\"@context\":\"https:\/\/schema.org\",\"@graph\":[{\"@type\":\"Organization\",\"@id\":\"https:\/\/kontofortnite.pl\/#organization\",\"name\":\"Konta Fortnite\",\"url\":\"https:\/\/kontofortnite.pl\/\",\"sameAs\":[\"https:\/\/www.facebook.com\/gaming\/KontoFortniteFanpage\",\"https:\/\/www.instagram.com\/kontofortnite.pl\/\"],\"logo\":{\"@type\":\"ImageObject\",\"@id\":\"https:\/\/kontofortnite.pl\/#logo\",\"inLanguage\":\"en-US\",\"url\":\"https:\/\/kontofortnite.pl\/wp-content\/uploads\/2021\/06\/wp4663672-1.jpg.png\",\"contentUrl\":\"https:\/\/kontofortnite.pl\/wp-content\/uploads\/2021\/06\/wp4663672-1.jpg.png\",\"width\":1600,\"height\":853,\"caption\":\"Konta Fortnite\"},\"image\":{\"@id\":\"https:\/\/kontofortnite.pl\/#logo\"}},{\"@type\":\"WebSite\",\"@id\":\"https:\/\/kontofortnite.pl\/#website\",\"url\":\"https:\/\/kontofortnite.pl\/\",\"name\":\"Konto Fortnite\",\"description\":\"Sklep z kontami Fortnite. Legitymowane konta od Epic Games.\",\"publisher\":{\"@id\":\"https:\/\/kontofortnite.pl\/#organization\"},\"potentialAction\":[{\"@type\":\"SearchAction\",\"target\":{\"@type\":\"EntryPoint\",\"urlTemplate\":\"https:\/\/kontofortnite.pl\/?s={search_term_string}\"},\"query-input\":\"required name=search_term_string\"}],\"inLanguage\":\"en-US\"},{\"@type\":\"ImageObject\",\"@id\":\"https:\/\/kontofortnite.pl\/produkt\/losowe-skiny-min-90\/#primaryimage\",\"inLanguage\":\"en-US\",\"url\":\"https:\/\/kontofortnite.pl\/wp-content\/uploads\/2021\/06\/min.90.jpg\",\"contentUrl\":\"https:\/\/kontofortnite.pl\/wp-content\/uploads\/2021\/06\/min.90.jpg\",\"width\":1280,\"height\":720},{\"@type\":\"WebPage\",\"@id\":\"https:\/\/kontofortnite.pl\/produkt\/losowe-skiny-min-90\/#webpage\",\"url\":\"https:\/\/kontofortnite.pl\/produkt\/losowe-skiny-min-90\/\",\"name\":\"KONTO FORTNITE LOSOWE SKINY MINIMUM 90 OD 1 SEZONU &raquo; Konta Fortnite\",\"isPartOf\":{\"@id\":\"https:\/\/kontofortnite.pl\/#website\"},\"primaryImageOfPage\":{\"@id\":\"https:\/\/kontofortnite.pl\/produkt\/losowe-skiny-min-90\/#primaryimage\"},\"datePublished\":\"2021-06-29T15:58:21+00:00\",\"dateModified\":\"2025-03-17T16:11:43+00:00\",\"description\":\"LOSOWE SK\\u00d3RKI OD 1 SEZONU. NIE MA S\\u0141ABYCH SK\\u00d3REK OG SKINY I WIELE WI\\u0118CEJ PLUS RATOWANIE \\u015aWIATA . PS4 XBOX PC\",\"breadcrumb\":{\"@id\":\"https:\/\/kontofortnite.pl\/produkt\/losowe-skiny-min-90\/#breadcrumb\"},\"inLanguage\":\"en-US\",\"potentialAction\":[{\"@type\":\"ReadAction\",\"target\":[\"https:\/\/kontofortnite.pl\/produkt\/losowe-skiny-min-90\/\"]}]},{\"@type\":\"BreadcrumbList\",\"@id\":\"https:\/\/kontofortnite.pl\/produkt\/losowe-skiny-min-90\/#breadcrumb\",\"itemListElement\":[{\"@type\":\"ListItem\",\"position\":1,\"name\":\"Strona g\\u0142\\u00f3wna\",\"item\":\"https:\/\/kontofortnite.pl\/\"},{\"@type\":\"ListItem\",\"position\":2,\"name\":\"Sklep\",\"item\":\"https:\/\/kontofortnite.pl\/sklep\/\"},{\"@type\":\"ListItem\",\"position\":3,\"name\":\"KONTO FORTNITE LOSOWE SKINY MINIMUM 90 OD 1 SEZONU\"}]}]}<\/script>\n<!-- \/ Yoast SEO plugin. -->","yoast_head_json":{"title":"KONTO FORTNITE LOSOWE SKINY MINIMUM 90 OD 1 SEZONU &raquo; Konta Fortnite","description":"LOSOWE SK\u00d3RKI OD 1 SEZONU. NIE MA S\u0141ABYCH SK\u00d3REK OG SKINY I WIELE WI\u0118CEJ PLUS RATOWANIE \u015aWIATA . PS4 XBOX PC","robots":{"index":"index","follow":"follow","max-snippet":"max-snippet:-1","max-image-preview":"max-image-preview:large","max-video-preview":"max-video-preview:-1"},"canonical":"https:\/\/kontofortnite.pl\/en\/product\/losowe-skiny-min-90\/","og_locale":"en_US","og_type":"article","og_title":"KONTO FORTNITE LOSOWE SKINY MINIMUM 90 OD 1 SEZONU &raquo; Konta Fortnite","og_description":"LOSOWE SK\u00d3RKI OD 1 SEZONU. NIE MA S\u0141ABYCH SK\u00d3REK OG SKINY I WIELE WI\u0118CEJ PLUS RATOWANIE \u015aWIATA . PS4 XBOX PC","og_url":"https:\/\/kontofortnite.pl\/en\/product\/losowe-skiny-min-90\/","og_site_name":"Konta Fortnite","article_publisher":"https:\/\/www.facebook.com\/gaming\/KontoFortniteFanpage","article_modified_time":"2025-03-17T16:11:43+00:00","og_image":[{"width":1280,"height":720,"url":"https:\/\/kontofortnite.pl\/wp-content\/uploads\/2021\/06\/min.90.jpg","path":"\/home\/platne\/serwer100769\/public_html\/kontofortnite\/wp-content\/uploads\/2021\/06\/min.90.jpg","size":"full","id":698,"alt":"","pixels":921600,"type":"image\/jpeg"}],"twitter_card":"summary_large_image","schema":{"@context":"https:\/\/schema.org","@graph":[{"@type":"Organization","@id":"https:\/\/kontofortnite.pl\/#organization","name":"Konta Fortnite","url":"https:\/\/kontofortnite.pl\/","sameAs":["https:\/\/www.facebook.com\/gaming\/KontoFortniteFanpage","https:\/\/www.instagram.com\/kontofortnite.pl\/"],"logo":{"@type":"ImageObject","@id":"https:\/\/kontofortnite.pl\/#logo","inLanguage":"en-US","url":"https:\/\/kontofortnite.pl\/wp-content\/uploads\/2021\/06\/wp4663672-1.jpg.png","contentUrl":"https:\/\/kontofortnite.pl\/wp-content\/uploads\/2021\/06\/wp4663672-1.jpg.png","width":1600,"height":853,"caption":"Konta Fortnite"},"image":{"@id":"https:\/\/kontofortnite.pl\/#logo"}},{"@type":"WebSite","@id":"https:\/\/kontofortnite.pl\/#website","url":"https:\/\/kontofortnite.pl\/","name":"Konto Fortnite","description":"Sklep z kontami Fortnite. Legitymowane konta od Epic Games.","publisher":{"@id":"https:\/\/kontofortnite.pl\/#organization"},"potentialAction":[{"@type":"SearchAction","target":{"@type":"EntryPoint","urlTemplate":"https:\/\/kontofortnite.pl\/?s={search_term_string}"},"query-input":"required name=search_term_string"}],"inLanguage":"en-US"},{"@type":"ImageObject","@id":"https:\/\/kontofortnite.pl\/produkt\/losowe-skiny-min-90\/#primaryimage","inLanguage":"en-US","url":"https:\/\/kontofortnite.pl\/wp-content\/uploads\/2021\/06\/min.90.jpg","contentUrl":"https:\/\/kontofortnite.pl\/wp-content\/uploads\/2021\/06\/min.90.jpg","width":1280,"height":720},{"@type":"WebPage","@id":"https:\/\/kontofortnite.pl\/produkt\/losowe-skiny-min-90\/#webpage","url":"https:\/\/kontofortnite.pl\/produkt\/losowe-skiny-min-90\/","name":"KONTO FORTNITE LOSOWE SKINY MINIMUM 90 OD 1 SEZONU &raquo; Konta Fortnite","isPartOf":{"@id":"https:\/\/kontofortnite.pl\/#website"},"primaryImageOfPage":{"@id":"https:\/\/kontofortnite.pl\/produkt\/losowe-skiny-min-90\/#primaryimage"},"datePublished":"2021-06-29T15:58:21+00:00","dateModified":"2025-03-17T16:11:43+00:00","description":"LOSOWE SK\u00d3RKI OD 1 SEZONU. NIE MA S\u0141ABYCH SK\u00d3REK OG SKINY I WIELE WI\u0118CEJ PLUS RATOWANIE \u015aWIATA . PS4 XBOX PC","breadcrumb":{"@id":"https:\/\/kontofortnite.pl\/produkt\/losowe-skiny-min-90\/#breadcrumb"},"inLanguage":"en-US","potentialAction":[{"@type":"ReadAction","target":["https:\/\/kontofortnite.pl\/produkt\/losowe-skiny-min-90\/"]}]},{"@type":"BreadcrumbList","@id":"https:\/\/kontofortnite.pl\/produkt\/losowe-skiny-min-90\/#breadcrumb","itemListElement":[{"@type":"ListItem","position":1,"name":"Strona g\u0142\u00f3wna","item":"https:\/\/kontofortnite.pl\/"},{"@type":"ListItem","position":2,"name":"Sklep","item":"https:\/\/kontofortnite.pl\/sklep\/"},{"@type":"ListItem","position":3,"name":"KONTO FORTNITE LOSOWE SKINY MINIMUM 90 OD 1 SEZONU"}]}]}},"_links":{"self":[{"href":"https:\/\/kontofortnite.pl\/en\/wp-json\/wp\/v2\/product\/724"}],"collection":[{"href":"https:\/\/kontofortnite.pl\/en\/wp-json\/wp\/v2\/product"}],"about":[{"href":"https:\/\/kontofortnite.pl\/en\/wp-json\/wp\/v2\/types\/product"}],"wp:featuredmedia":[{"embeddable":true,"href":"https:\/\/kontofortnite.pl\/en\/wp-json\/wp\/v2\/media\/698"}],"wp:attachment":[{"href":"https:\/\/kontofortnite.pl\/en\/wp-json\/wp\/v2\/media?parent=724"}],"wp:term":[{"taxonomy":"product_cat","embeddable":true,"href":"https:\/\/kontofortnite.pl\/en\/wp-json\/wp\/v2\/product_cat?post=724"},{"taxonomy":"product_tag","embeddable":true,"href":"https:\/\/kontofortnite.pl\/en\/wp-json\/wp\/v2\/product_tag?post=724"}],"curies":[{"name":"wp","href":"https:\/\/api.w.org\/{rel}","templated":true}]}}